{"id":3,"date":"2020-01-09T13:45:18","date_gmt":"2020-01-09T13:45:18","guid":{"rendered":"https:\/\/cdpswiss.com\/?page_id=3"},"modified":"2021-10-18T12:41:52","modified_gmt":"2021-10-18T12:41:52","slug":"privacy-policy","status":"publish","type":"page","link":"https:\/\/cdpswiss.com\/index.php\/privacy-policy\/","title":{"rendered":"Privacy Policy"},"content":{"rendered":"[et_pb_section fb_built=&#8220;1&#8243; admin_label=&#8220;section&#8220; _builder_version=&#8220;3.22&#8243; global_colors_info=&#8220;{}&#8220;][et_pb_row admin_label=&#8220;row&#8220; _builder_version=&#8220;4.11.2&#8243; background_size=&#8220;initial&#8220; background_position=&#8220;top_left&#8220; background_repeat=&#8220;repeat&#8220; hover_enabled=&#8220;0&#8243; global_colors_info=&#8220;{}&#8220; sticky_enabled=&#8220;0&#8243;][et_pb_column type=&#8220;4_4&#8243; _builder_version=&#8220;3.25&#8243; custom_padding=&#8220;|||&#8220; hover_enabled=&#8220;0&#8243; global_colors_info=&#8220;{}&#8220; custom_padding__hover=&#8220;|||&#8220; sticky_enabled=&#8220;0&#8243;][et_pb_text content_tablet=&#8220;&#8220; content_phone=&#8220;&#8220; content_last_edited=&#8220;on|desktop&#8220; admin_label=&#8220;Text&#8220; _builder_version=&#8220;4.11.2&#8243; background_size=&#8220;initial&#8220; background_position=&#8220;top_left&#8220; background_repeat=&#8220;repeat&#8220; hover_enabled=&#8220;0&#8243; text_font_tablet=&#8220;&#8220; text_font_phone=&#8220;&#8220; text_font_last_edited=&#8220;on|desktop&#8220; text_text_color_tablet=&#8220;&#8220; text_text_color_phone=&#8220;&#8220; text_text_color_last_edited=&#8220;on|desktop&#8220; text_font_size_tablet=&#8220;&#8220; text_font_size_phone=&#8220;&#8220; text_font_size_last_edited=&#8220;on|desktop&#8220; text_letter_spacing_tablet=&#8220;&#8220; text_letter_spacing_phone=&#8220;&#8220; text_letter_spacing_last_edited=&#8220;on|desktop&#8220; text_line_height_tablet=&#8220;&#8220; text_line_height_phone=&#8220;&#8220; text_line_height_last_edited=&#8220;on|desktop&#8220; text_orientation_tablet=&#8220;&#8220; text_orientation_phone=&#8220;&#8220; text_orientation_last_edited=&#8220;on|desktop&#8220; background_layout_tablet=&#8220;&#8220; background_layout_phone=&#8220;&#8220; background_layout_last_edited=&#8220;on|desktop&#8220; global_colors_info=&#8220;{}&#8220; sticky_enabled=&#8220;0&#8243;]<h1><strong>Privacy Policy<\/strong><\/h1>\n<p><strong>Die Sicherheit der Nutzer steht an erster Stelle<\/strong><\/p>\n<p>CDP SWISS AG respektiert die Privatsph\u00e4re der Nutzer der Webseite und des Online-Shops. Diese Datenschutzbestimmungen bilden die Grundlage f\u00fcr die Bearbeitung der personenbezogenen Daten und geben Aufschluss, welche Art von Nutzerdaten durch CDP SWISS AG gesammelt werden und wie CDP SWISS AG diese Daten verwendet.<\/p>\n<p>CDP SWISS AG h\u00e4lt die geltenden Datenschutzrechte ein und verarbeitet die Personendaten einzig zu den Zwecken, f\u00fcr welche die Daten \u00fcbermittelt wurden.<\/p>\n<p>Diese Datenschutzbestimmungen werden von Zeit zu Zeit angepasst, erg\u00e4nzt oder ge\u00e4ndert. Mit jedem neuen Aufruf oder Besuch der Webseite gilt die jeweils aktuelle, abrufbare Version.<\/p>\n<p><strong>Art der erfassten Daten<\/strong><\/p>\n<p>Beim Besuch der Webseite von CDP SWISS AG werden statistische Besucherdaten dar\u00fcber erhoben, welche Teile des Webangebots vom jeweiligen Nutzer besonders h\u00e4ufig besucht werden. Hierbei k\u00f6nnen z.B. Daten hinsichtlich des vom Nutzer verwendeten Browsers, Betriebssystems, Weblogs und anderer Verbindungsdaten, erfasst werden, unabh\u00e4ngig davon, ob deren Erfassung f\u00fcr unsere oder andere Zwecke erforderlich ist. In diesem Zusammenhang ist es teilweise erforderlich, dass sogenannte Cookies zum Einsatz kommen. Diese gesammelten Daten beinhalten keinen Personenbezug oder sind gen\u00fcgend anonymisiert, um keine R\u00fcckschl\u00fcsse auf Ihre Person machen zu k\u00f6nnen.<\/p>\n<p>CDP SWISS AG nimmt keine automatische Sammlung von pers\u00f6nlichen Daten der Nutzer wie z.B. dem Namen, der Anschrift, Telefonnummer oder E-Mail-Adresse, vor. Eine Ausnahme davon bilden Angaben, welche der Nutzer freiwillig an CDP SWISS AG \u00fcbermittelt, indem Webseite-Formulare ausgef\u00fcllt werden oder CDP SWISS AG auf andere Weise \u00fcber die Webseite kontaktiert.<\/p>\n<p><strong>Einsatz von Cookies<\/strong><\/p>\n<p>Um den Webauftritt f\u00fcr die Nutzer laufend zu verbessern, kann CDP SWISS AG Cookies einsetzen. Cookies sind kleine Software-Informationen, die durch Browser (z.B. Internet Explorer oder Mozilla Firefox) auf der Computerfestplatte des Nutzers abgespeichert werden, um die Nutzung der Webseite zu erleichtern (z.B. Sprachwahl, Warenkorb, etc.). Diese Cookies sind vollst\u00e4ndig anonymisiert und enthalten keine Personendaten. Zu keinem Zeitpunkt wird Spionage-Software installiert oder verwendet, um auf dem Computer gespeicherte Daten und Informationen zugreifen zu k\u00f6nnen.<\/p>\n<p>Die meisten Browser akzeptieren solche Cookies automatisch, jedoch k\u00f6nnen die Browser so konfiguriert werden, dass sie keine Cookies annehmen oder abspeichern. Einzelheiten hierzu sind der Bedienungsanleitung bzw. der Hilfe-Funktion des Browsers zu entnehmen.<\/p>\n<p><strong>Verwendung der Daten<\/strong><\/p>\n<p>Die anonymisierten Daten, welche beim Aufruf der CDP SWISS AG-Webseite mittels Cookies festgehalten werden, k\u00f6nnen zu Analysezwecken, zur Optimierung der Webseite und f\u00fcr die Messung der Performance eingesetzt werden. CDP SWISS AG kann daf\u00fcr folgende Drittanbieter einsetzen, die teilweise eigene Datenschutzregelungen haben, auf welche CDP SWISS AG keinen Einfluss hat:<\/p>\n<p>Google Analytics<br \/>Google Adwords<br \/>Daten, die Benutzer von sich aus als Nutzer des Internetauftritts \u00fcbermitteln, d\u00fcrfen von CDP SWISS AG zum Zweck der Verbesserung der Webseite sowie der individuellen Betreuung der Nutzer verwendet werden. Dazu geh\u00f6ren unter anderem das Versenden von Informationen, Angeboten oder die Benachrichtigung mit Bezug auf die Produktpalette oder auf Dienstleistungen an.<\/p>\n<p><strong>Social-Media Content<\/strong><\/p>\n<p>CDP SWISS AG kann auf seiner Webseite Social Media Plugins, z.B. von Facebook, Google+ oder Twitter verwenden. Diese Plattformen haben eigene Datenschutzregelungen, auf welche CDP SWISS AG keinen Einfluss hat:<\/p>\n<p>Facebook<br \/>Twitter<br \/>Google+<br \/>W\u00fcnscht der Nutzer, dass keine dieser Plugins geladen werden, wird empfohlen, sich vom entsprechenden Social-Media-Dienst auszuloggen. Des Weiteren k\u00f6nnen verschiedene Browser so eingestellt oder mit Add-Ons (z.B. Facebook-Blocker) erg\u00e4nzt werden, dass die Social-Media-Plugins nicht geladen werden.<\/p>\n<p><strong>Weitergabe Ihrer Daten<\/strong><\/p>\n<p>CDP SWISS AG sowie allf\u00e4llige Tochter- und Zweiggesellschaften in der Unternehmensgruppe k\u00f6nnen personenbezogenen Daten gem\u00e4ss diesen Datenschutzbestimmungen nutzen.<\/p>\n<p>Dar\u00fcber hinaus werden die personenbezogenen Daten gegen\u00fcber Dritten nicht offengelegt. Ausgenommen davon ist, wenn der Nutzer der Weitergabe der Daten an Unternehmen, die nicht mit CDP SWISS AG verbunden sind, zugestimmt hat oder wenn CDP SWISS AG hierzu gesetzlich, beh\u00f6rdlich oder gerichtlich verpflichtet wird. Ausserdem wenn Dienstleister, welche CDP SWISS AG in der Datenverarbeitung, der Verwaltung der Webseite oder auf sonstige Weise sowie bei der Erbringung der vom Nutzer angeforderten Produkte und Dienstleistungen unterst\u00fctzen, beigezogen werden. Diese Dritten werden verpflichtet, das gleiche Mass an Sicherheit und Datenschutz einzuhalten, wie CDP SWISS AG.<\/p>\n<p><strong>Datensicherheit<\/strong><\/p>\n<p>Die \u00dcbermittlung von Daten \u00fcber das Internet ist leider nicht absolut sicher. CDP SWISS AG arbeitet mit Dienstleistern und Internetanbietern zusammen, welche angemessene technische und organisatorische Sicherheitsvorkehrungen treffen, um die personenbezogenen Daten der Nutzer zu sch\u00fctzen. CDP SWISS AG kann jedoch keine Garantie f\u00fcr die Sicherheit der vom Nutzer \u00fcbermittelten Daten \u00fcbernehmen. Jede Daten\u00fcbertragung erfolgt daher auf eigenes Risiko.<\/p>\n<p><strong>Ihre Informations- und Widerrufsrechte<\/strong><\/p>\n<p>Selbstverst\u00e4ndlich steht es jedem Nutzer frei, CDP SWISS AG jederzeit \u2013 beispielsweise in einer E-Mail \u2013 mitzuteilen, dass die personenbezogenen Daten zuk\u00fcnftig nicht zur Kontaktaufnahme verwendet werden sollen. Auch die Teilnahme an den besonderen Services der CDP SWISS AG-Webseite, wie dem Newsletter-Service, kann jederzeit widerrufen werden.<\/p>\n<p>Zus\u00e4tzlich besteht die M\u00f6glichkeit, Informationen zur Verarbeitung der Daten einzuholen oder eine Kopie der personenbezogenen Daten, welche \u00fcber die CDP SWISS AG-Webseite erhoben wurden, zu verlangen. Entsprechende Anfragen sind bitte schriftlich an CDP SWISS AG Moosstrasse 31, CH-8907 Wettswil am Albis oder info@cdpswiss.com zu richten.<\/p>\n<p><strong>Schlussbestimmungen<\/strong><\/p>\n<p>Sollten sich einzelne Bestimmungen oder Teile dieser Datenschutzbestimmungen als nichtig oder unwirksam erweisen, so wird dadurch die G\u00fcltigkeit der Datenschutzbestimmungen im \u00dcbrigen nicht ber\u00fchrt.<\/p>\n<p>Der Gerichtsstand und das anwendbare Recht richten sich nach den AGB.<\/p>\n<p><\/p>[\/et_pb_text][\/et_pb_column][\/et_pb_row][\/et_pb_section]<!-- \/wp:post-content -->","protected":false},"excerpt":{"rendered":"<p>Privacy Policy Die Sicherheit der Nutzer steht an erster Stelle CDP SWISS AG respektiert die Privatsph\u00e4re der Nutzer der Webseite und des Online-Shops. Diese Datenschutzbestimmungen bilden die Grundlage f\u00fcr die Bearbeitung der personenbezogenen Daten und geben Aufschluss, welche Art von Nutzerdaten durch CDP SWISS AG gesammelt werden und wie CDP SWISS AG diese Daten verwendet. [&hellip;]<\/p>\n","protected":false},"author":1,"featured_media":0,"parent":0,"menu_order":0,"comment_status":"closed","ping_status":"open","template":"","meta":{"_et_pb_use_builder":"on","_et_pb_old_content":"<!-- wp:heading --><h2>Who we are<\/h2><!-- \/wp:heading --><!-- wp:paragraph --><p>Our website address is: https:\/\/cdpswiss.com<\/p><!-- \/wp:paragraph --><!-- wp:heading --><h2>What personal data we collect and why we collect it<\/h2><!-- \/wp:heading --><!-- wp:heading {\"level\":3} --><h3>Comments<\/h3><!-- \/wp:heading --><!-- wp:paragraph --><p>When visitors leave comments on the site we collect the data shown in the comments form, and also the visitor&#8217;s IP address and browser user agent string to help spam detection.<\/p><!-- \/wp:paragraph --><!-- wp:paragraph --><p>An anonymized string created from your email address (also called a hash) may be provided to the Gravatar service to see if you are using it. The Gravatar service privacy policy is available here: https:\/\/automattic.com\/privacy\/. After approval of your comment, your profile picture is visible to the public in the context of your comment.<\/p><!-- \/wp:paragraph --><!-- wp:heading {\"level\":3} --><h3>Media<\/h3><!-- \/wp:heading --><!-- wp:paragraph --><p>If you upload images to the website, you should avoid uploading images with embedded location data (EXIF GPS) included. Visitors to the website can download and extract any location data from images on the website.<\/p><!-- \/wp:paragraph --><!-- wp:heading {\"level\":3} --><h3>Contact forms<\/h3><!-- \/wp:heading --><!-- wp:heading {\"level\":3} --><h3>Cookies<\/h3><!-- \/wp:heading --><!-- wp:paragraph --><p>If you leave a comment on our site you may opt-in to saving your name, email address and website in cookies. These are for your convenience so that you do not have to fill in your details again when you leave another comment. These cookies will last for one year.<\/p><!-- \/wp:paragraph --><!-- wp:paragraph --><p>If you visit our login page, we will set a temporary cookie to determine if your browser accepts cookies. This cookie contains no personal data and is discarded when you close your browser.<\/p><!-- \/wp:paragraph --><!-- wp:paragraph --><p>When you log in, we will also set up several cookies to save your login information and your screen display choices. Login cookies last for two days, and screen options cookies last for a year. If you select &quot;Remember Me&quot;, your login will persist for two weeks. If you log out of your account, the login cookies will be removed.<\/p><!-- \/wp:paragraph --><!-- wp:paragraph --><p>If you edit or publish an article, an additional cookie will be saved in your browser. This cookie includes no personal data and simply indicates the post ID of the article you just edited. It expires after 1 day.<\/p><!-- \/wp:paragraph --><!-- wp:heading {\"level\":3} --><h3>Embedded content from other websites<\/h3><!-- \/wp:heading --><!-- wp:paragraph --><p>Articles on this site may include embedded content (e.g. videos, images, articles, etc.). Embedded content from other websites behaves in the exact same way as if the visitor has visited the other website.<\/p><!-- \/wp:paragraph --><!-- wp:paragraph --><p>These websites may collect data about you, use cookies, embed additional third-party tracking, and monitor your interaction with that embedded content, including tracking your interaction with the embedded content if you have an account and are logged in to that website.<\/p><!-- \/wp:paragraph --><!-- wp:heading {\"level\":3} --><h3>Analytics<\/h3><!-- \/wp:heading --><!-- wp:heading --><h2>Who we share your data with<\/h2><!-- \/wp:heading --><!-- wp:heading --><h2>How long we retain your data<\/h2><!-- \/wp:heading --><!-- wp:paragraph --><p>If you leave a comment, the comment and its metadata are retained indefinitely. This is so we can recognize and approve any follow-up comments automatically instead of holding them in a moderation queue.<\/p><!-- \/wp:paragraph --><!-- wp:paragraph --><p>For users that register on our website (if any), we also store the personal information they provide in their user profile. All users can see, edit, or delete their personal information at any time (except they cannot change their username). Website administrators can also see and edit that information.<\/p><!-- \/wp:paragraph --><!-- wp:heading --><h2>What rights you have over your data<\/h2><!-- \/wp:heading --><!-- wp:paragraph --><p>If you have an account on this site, or have left comments, you can request to receive an exported file of the personal data we hold about you, including any data you have provided to us. You can also request that we erase any personal data we hold about you. This does not include any data we are obliged to keep for administrative, legal, or security purposes.<\/p><!-- \/wp:paragraph --><!-- wp:heading --><h2>Where we send your data<\/h2><!-- \/wp:heading --><!-- wp:paragraph --><p>Visitor comments may be checked through an automated spam detection service.<\/p><!-- \/wp:paragraph --><!-- wp:heading --><h2>Your contact information<\/h2><!-- \/wp:heading --><!-- wp:heading --><h2>Additional information<\/h2><!-- \/wp:heading --><!-- wp:heading {\"level\":3} --><h3>How we protect your data<\/h3><!-- \/wp:heading --><!-- wp:heading {\"level\":3} --><h3>What data breach procedures we have in place<\/h3><!-- \/wp:heading --><!-- wp:heading {\"level\":3} --><h3>What third parties we receive data from<\/h3><!-- \/wp:heading --><!-- wp:heading {\"level\":3} --><h3>What automated decision making and\/or profiling we do with user data<\/h3><!-- \/wp:heading --><!-- wp:heading {\"level\":3} --><h3>Industry regulatory disclosure requirements<\/h3><!-- \/wp:heading -->","_et_gb_content_width":"","_joinchat":[],"footnotes":""},"class_list":["post-3","page","type-page","status-publish","hentry"],"yoast_head":"<!-- This site is optimized with the Yoast SEO plugin v27.2 - https:\/\/yoast.com\/product\/yoast-seo-wordpress\/ -->\n<title>Privacy Policy - CDP SWISS AG<\/title>\n<meta name=\"robots\" content=\"index, follow, max-snippet:-1, max-image-preview:large, max-video-preview:-1\" \/>\n<link rel=\"canonical\" href=\"https:\/\/cdpswiss.com\/index.php\/privacy-policy\/\" \/>\n<meta property=\"og:locale\" content=\"de_DE\" \/>\n<meta property=\"og:type\" content=\"article\" \/>\n<meta property=\"og:title\" content=\"Privacy Policy - CDP SWISS AG\" \/>\n<meta property=\"og:description\" content=\"Privacy Policy Die Sicherheit der Nutzer steht an erster Stelle CDP SWISS AG respektiert die Privatsph\u00e4re der Nutzer der Webseite und des Online-Shops. Diese Datenschutzbestimmungen bilden die Grundlage f\u00fcr die Bearbeitung der personenbezogenen Daten und geben Aufschluss, welche Art von Nutzerdaten durch CDP SWISS AG gesammelt werden und wie CDP SWISS AG diese Daten verwendet. [&hellip;]\" \/>\n<meta property=\"og:url\" content=\"https:\/\/cdpswiss.com\/index.php\/privacy-policy\/\" \/>\n<meta property=\"og:site_name\" content=\"CDP SWISS AG\" \/>\n<meta property=\"article:publisher\" content=\"https:\/\/www.facebook.com\/cdp.swiss\" \/>\n<meta property=\"article:modified_time\" content=\"2021-10-18T12:41:52+00:00\" \/>\n<meta name=\"twitter:card\" content=\"summary_large_image\" \/>\n<meta name=\"twitter:site\" content=\"@CDPSWISS\" \/>\n<meta name=\"twitter:label1\" content=\"Gesch\u00e4tzte Lesezeit\" \/>\n\t<meta name=\"twitter:data1\" content=\"5\u00a0Minuten\" \/>\n<script type=\"application\/ld+json\" class=\"yoast-schema-graph\">{\"@context\":\"https:\/\/schema.org\",\"@graph\":[{\"@type\":\"WebPage\",\"@id\":\"https:\/\/cdpswiss.com\/index.php\/privacy-policy\/\",\"url\":\"https:\/\/cdpswiss.com\/index.php\/privacy-policy\/\",\"name\":\"Privacy Policy - CDP SWISS AG\",\"isPartOf\":{\"@id\":\"https:\/\/cdpswiss.com\/#website\"},\"datePublished\":\"2020-01-09T13:45:18+00:00\",\"dateModified\":\"2021-10-18T12:41:52+00:00\",\"breadcrumb\":{\"@id\":\"https:\/\/cdpswiss.com\/index.php\/privacy-policy\/#breadcrumb\"},\"inLanguage\":\"de\",\"potentialAction\":[{\"@type\":\"ReadAction\",\"target\":[\"https:\/\/cdpswiss.com\/index.php\/privacy-policy\/\"]}]},{\"@type\":\"BreadcrumbList\",\"@id\":\"https:\/\/cdpswiss.com\/index.php\/privacy-policy\/#breadcrumb\",\"itemListElement\":[{\"@type\":\"ListItem\",\"position\":1,\"name\":\"Startseite\",\"item\":\"https:\/\/cdpswiss.com\/\"},{\"@type\":\"ListItem\",\"position\":2,\"name\":\"Privacy Policy\"}]},{\"@type\":\"WebSite\",\"@id\":\"https:\/\/cdpswiss.com\/#website\",\"url\":\"https:\/\/cdpswiss.com\/\",\"name\":\"CDP SWISS AG\",\"description\":\"Clinical Distribution Partner\",\"publisher\":{\"@id\":\"https:\/\/cdpswiss.com\/#organization\"},\"potentialAction\":[{\"@type\":\"SearchAction\",\"target\":{\"@type\":\"EntryPoint\",\"urlTemplate\":\"https:\/\/cdpswiss.com\/?s={search_term_string}\"},\"query-input\":{\"@type\":\"PropertyValueSpecification\",\"valueRequired\":true,\"valueName\":\"search_term_string\"}}],\"inLanguage\":\"de\"},{\"@type\":\"Organization\",\"@id\":\"https:\/\/cdpswiss.com\/#organization\",\"name\":\"CDP SWISS AG\",\"url\":\"https:\/\/cdpswiss.com\/\",\"logo\":{\"@type\":\"ImageObject\",\"inLanguage\":\"de\",\"@id\":\"https:\/\/cdpswiss.com\/#\/schema\/logo\/image\/\",\"url\":\"https:\/\/cdpswiss.com\/wp-content\/uploads\/2020\/07\/cdp13943.jpg\",\"contentUrl\":\"https:\/\/cdpswiss.com\/wp-content\/uploads\/2020\/07\/cdp13943.jpg\",\"width\":184,\"height\":59,\"caption\":\"CDP SWISS AG\"},\"image\":{\"@id\":\"https:\/\/cdpswiss.com\/#\/schema\/logo\/image\/\"},\"sameAs\":[\"https:\/\/www.facebook.com\/cdp.swiss\",\"https:\/\/x.com\/CDPSWISS\",\"https:\/\/www.instagram.com\/cdp_swiss\/\",\"http:\/\/www.linkedin.com\/company\/cdp-swiss-ag\",\"https:\/\/www.youtube.com\/channel\/UCEvSby-TC5tgpbcYfRjd62g\"]}]}<\/script>\n<!-- \/ Yoast SEO plugin. -->","yoast_head_json":{"title":"Privacy Policy - CDP SWISS AG","robots":{"index":"index","follow":"follow","max-snippet":"max-snippet:-1","max-image-preview":"max-image-preview:large","max-video-preview":"max-video-preview:-1"},"canonical":"https:\/\/cdpswiss.com\/index.php\/privacy-policy\/","og_locale":"de_DE","og_type":"article","og_title":"Privacy Policy - CDP SWISS AG","og_description":"Privacy Policy Die Sicherheit der Nutzer steht an erster Stelle CDP SWISS AG respektiert die Privatsph\u00e4re der Nutzer der Webseite und des Online-Shops. Diese Datenschutzbestimmungen bilden die Grundlage f\u00fcr die Bearbeitung der personenbezogenen Daten und geben Aufschluss, welche Art von Nutzerdaten durch CDP SWISS AG gesammelt werden und wie CDP SWISS AG diese Daten verwendet. [&hellip;]","og_url":"https:\/\/cdpswiss.com\/index.php\/privacy-policy\/","og_site_name":"CDP SWISS AG","article_publisher":"https:\/\/www.facebook.com\/cdp.swiss","article_modified_time":"2021-10-18T12:41:52+00:00","twitter_card":"summary_large_image","twitter_site":"@CDPSWISS","twitter_misc":{"Gesch\u00e4tzte Lesezeit":"5\u00a0Minuten"},"schema":{"@context":"https:\/\/schema.org","@graph":[{"@type":"WebPage","@id":"https:\/\/cdpswiss.com\/index.php\/privacy-policy\/","url":"https:\/\/cdpswiss.com\/index.php\/privacy-policy\/","name":"Privacy Policy - CDP SWISS AG","isPartOf":{"@id":"https:\/\/cdpswiss.com\/#website"},"datePublished":"2020-01-09T13:45:18+00:00","dateModified":"2021-10-18T12:41:52+00:00","breadcrumb":{"@id":"https:\/\/cdpswiss.com\/index.php\/privacy-policy\/#breadcrumb"},"inLanguage":"de","potentialAction":[{"@type":"ReadAction","target":["https:\/\/cdpswiss.com\/index.php\/privacy-policy\/"]}]},{"@type":"BreadcrumbList","@id":"https:\/\/cdpswiss.com\/index.php\/privacy-policy\/#breadcrumb","itemListElement":[{"@type":"ListItem","position":1,"name":"Startseite","item":"https:\/\/cdpswiss.com\/"},{"@type":"ListItem","position":2,"name":"Privacy Policy"}]},{"@type":"WebSite","@id":"https:\/\/cdpswiss.com\/#website","url":"https:\/\/cdpswiss.com\/","name":"CDP SWISS AG","description":"Clinical Distribution Partner","publisher":{"@id":"https:\/\/cdpswiss.com\/#organization"},"potentialAction":[{"@type":"SearchAction","target":{"@type":"EntryPoint","urlTemplate":"https:\/\/cdpswiss.com\/?s={search_term_string}"},"query-input":{"@type":"PropertyValueSpecification","valueRequired":true,"valueName":"search_term_string"}}],"inLanguage":"de"},{"@type":"Organization","@id":"https:\/\/cdpswiss.com\/#organization","name":"CDP SWISS AG","url":"https:\/\/cdpswiss.com\/","logo":{"@type":"ImageObject","inLanguage":"de","@id":"https:\/\/cdpswiss.com\/#\/schema\/logo\/image\/","url":"https:\/\/cdpswiss.com\/wp-content\/uploads\/2020\/07\/cdp13943.jpg","contentUrl":"https:\/\/cdpswiss.com\/wp-content\/uploads\/2020\/07\/cdp13943.jpg","width":184,"height":59,"caption":"CDP SWISS AG"},"image":{"@id":"https:\/\/cdpswiss.com\/#\/schema\/logo\/image\/"},"sameAs":["https:\/\/www.facebook.com\/cdp.swiss","https:\/\/x.com\/CDPSWISS","https:\/\/www.instagram.com\/cdp_swiss\/","http:\/\/www.linkedin.com\/company\/cdp-swiss-ag","https:\/\/www.youtube.com\/channel\/UCEvSby-TC5tgpbcYfRjd62g"]}]}},"_links":{"self":[{"href":"https:\/\/cdpswiss.com\/index.php\/wp-json\/wp\/v2\/pages\/3","targetHints":{"allow":["GET"]}}],"collection":[{"href":"https:\/\/cdpswiss.com\/index.php\/wp-json\/wp\/v2\/pages"}],"about":[{"href":"https:\/\/cdpswiss.com\/index.php\/wp-json\/wp\/v2\/types\/page"}],"author":[{"embeddable":true,"href":"https:\/\/cdpswiss.com\/index.php\/wp-json\/wp\/v2\/users\/1"}],"replies":[{"embeddable":true,"href":"https:\/\/cdpswiss.com\/index.php\/wp-json\/wp\/v2\/comments?post=3"}],"version-history":[{"count":0,"href":"https:\/\/cdpswiss.com\/index.php\/wp-json\/wp\/v2\/pages\/3\/revisions"}],"wp:attachment":[{"href":"https:\/\/cdpswiss.com\/index.php\/wp-json\/wp\/v2\/media?parent=3"}],"curies":[{"name":"wp","href":"https:\/\/api.w.org\/{rel}","templated":true}]}}