{"id":6801,"date":"2020-08-26T13:16:14","date_gmt":"2020-08-26T13:16:14","guid":{"rendered":"https:\/\/cdpswiss.com\/?page_id=6801"},"modified":"2020-08-26T13:26:41","modified_gmt":"2020-08-26T13:26:41","slug":"agb-sem-work","status":"publish","type":"page","link":"https:\/\/cdpswiss.com\/index.php\/agb-sem-work\/","title":{"rendered":"AGB Seminare und Workshops"},"content":{"rendered":"<p>[et_pb_section fb_built=&#8220;1&#8243; admin_label=&#8220;Contact Info&#8220; _builder_version=&#8220;3.22&#8243; background_image=&#8220;https:\/\/cdpswiss.com\/wp-content\/uploads\/2020\/02\/dentist-13.png&#8220; background_size=&#8220;initial&#8220; background_position=&#8220;top_center&#8220; custom_padding=&#8220;0|0px|150px|0px|false|false&#8220;][et_pb_row custom_padding_last_edited=&#8220;on|desktop&#8220; _builder_version=&#8220;4.4.1&#8243; use_background_color_gradient=&#8220;on&#8220; background_color_gradient_start=&#8220;#d9a91a&#8220; background_color_gradient_end=&#8220;#d3ca19&#8243; background_color_gradient_direction=&#8220;113deg&#8220; background_color_gradient_start_position=&#8220;20%&#8220; max_width=&#8220;1280px&#8220; module_alignment=&#8220;center&#8220; min_height=&#8220;181px&#8220; custom_margin=&#8220;-22px|auto||auto||&#8220; custom_padding=&#8220;52px|5vw|52px|5vw|true|true&#8220; custom_padding_tablet=&#8220;|5vw||5vw||true&#8220; custom_padding_phone=&#8220;|5vw||5vw||true&#8220; animation_style=&#8220;zoom&#8220; animation_direction=&#8220;top&#8220; animation_intensity_zoom=&#8220;1%&#8220; border_radii=&#8220;off|||14vw|&#8220; box_shadow_style=&#8220;preset1&#8243; box_shadow_vertical=&#8220;20px&#8220; box_shadow_blur=&#8220;50px&#8220; box_shadow_color=&#8220;rgba(0,121,255,0.2)&#8220; use_custom_width=&#8220;on&#8220; custom_width_px=&#8220;1280px&#8220;][et_pb_column type=&#8220;4_4&#8243; _builder_version=&#8220;3.25&#8243; custom_padding=&#8220;|||&#8220; custom_padding_tablet=&#8220;40px|||&#8220; custom_padding_phone=&#8220;20px|||&#8220; custom_padding_last_edited=&#8220;off|desktop&#8220; padding_phone=&#8220;20px|||&#8220; padding_tablet=&#8220;40px|||&#8220; padding_last_edited=&#8220;off|desktop&#8220; custom_padding__hover=&#8220;|||&#8220;][et_pb_text _builder_version=&#8220;4.5.8&#8243; text_font_size=&#8220;12px&#8220; header_font=&#8220;Poppins|600|||||||&#8220; header_text_color=&#8220;#ffffff&#8220; header_font_size=&#8220;50px&#8220; header_line_height=&#8220;1.1em&#8220; transform_scale=&#8220;82%|82%&#8220; transform_scale_tablet=&#8220;78%|78%&#8220; transform_scale_phone=&#8220;94%|94%&#8220; transform_scale_last_edited=&#8220;on|phone&#8220; transform_translate=&#8220;-121px|17px&#8220; transform_translate_tablet=&#8220;-90px|92px&#8220; transform_translate_phone=&#8220;-4px|105px&#8220; transform_translate_last_edited=&#8220;on|tablet&#8220; transform_translate_linked=&#8220;off&#8220; transform_rotate_tablet=&#8220;&#8220; transform_rotate_phone=&#8220;&#8220; transform_rotate_last_edited=&#8220;on|desktop&#8220; transform_skew_tablet=&#8220;&#8220; transform_skew_phone=&#8220;&#8220; transform_skew_last_edited=&#8220;on|desktop&#8220; transform_origin_tablet=&#8220;&#8220; transform_origin_phone=&#8220;&#8220; transform_origin_last_edited=&#8220;on|desktop&#8220; transform_styles_last_edited=&#8220;on|phone&#8220; width=&#8220;100%&#8220; min_height=&#8220;100px&#8220; height=&#8220;100px&#8220; max_height=&#8220;1000px&#8220; custom_padding=&#8220;|0px||0px|false|false&#8220; header_font_tablet=&#8220;Poppins|600|||||||&#8220; header_font_phone=&#8220;Poppins|600|||||||&#8220; header_font_last_edited=&#8220;on|tablet&#8220; header_font_size_tablet=&#8220;46px&#8220; header_font_size_phone=&#8220;25px&#8220; header_font_size_last_edited=&#8220;on|phone&#8220; transform_styles_tablet=&#8220;&#8220; transform_styles_phone=&#8220;&#8220;]<\/p>\n<h1>AGB\u2019s fu\u0308r unsere Seminare und Workshops<\/h1>\n<p>[\/et_pb_text][\/et_pb_column][\/et_pb_row][\/et_pb_section][et_pb_section fb_built=&#8220;1&#8243; _builder_version=&#8220;4.5.8&#8243; _module_preset=&#8220;default&#8220; custom_padding=&#8220;0px|||||&#8220;][et_pb_row _builder_version=&#8220;4.5.8&#8243; _module_preset=&#8220;default&#8220;][et_pb_column type=&#8220;4_4&#8243; _builder_version=&#8220;4.5.8&#8243; _module_preset=&#8220;default&#8220;][et_pb_text _builder_version=&#8220;4.5.8&#8243; _module_preset=&#8220;default&#8220; header_4_line_height=&#8220;1.5em&#8220;]<\/p>\n<h4 class=\"p1\"><b>Anmeldungen <\/b><\/h4>\n<h4 class=\"p2\">Bitte beachten Sie, dass die Teilnehmerzahl der Seminard begrenzt ist. Die Anmeldungen werden in der Reihenfolge ihres Eingangs ber\u00fccksichtigt. Der Vertrag \u00fcber die Teilnahme zum Seminar wird erst wirksam, sobald Sie die Teilnahmebest\u00e4tigung oder die Rechnung von uns erhalten haben.<\/h4>\n<p>\u00a0<br \/><b style=\"color: #333333; font-size: 18px;\">Kurskosten<\/b><\/p>\n<h4 class=\"p2\">Die Seminargeb\u00fchren sind vor Kursbeginn f\u00e4llig.<\/h4>\n<h4 class=\"p2\">Die Rechnung erhalten Sie mit der Teilnahmebest\u00e4tigung oder ca. 1 Monat vor Seminarbeginn. Sollten die Kurskosten bei Seminarbeginn nicht bei uns eingegangen sein, behalten wir uns das Recht vor, Sie nicht am Seminar teilnehmen zu lassen.<\/h4>\n<p>&nbsp;<\/p>\n<h4 class=\"p1\"><b>R\u00fccktritt und Stornogeb\u00fchren <\/b><\/h4>\n<ul class=\"ul1\">\n<li class=\"li3\">\n<h4>Ein R\u00fccktritt bzw. die Stornierung der Teilnahme muss schriftlich erfolgen. Bis 14 Tage vor Seminarbeginn werden keine Kosten verrechnet. Auf Wunsch kann eine Umbuchung auf einen anderen Kurs erfolgen.<\/h4>\n<\/li>\n<li class=\"li3\">\n<h4>Erfolgt Ihre Stornierung bis 7 Tage vor Seminarbeginn werden 80% der Kursgeb\u00fchren verrechnet.<\/h4>\n<\/li>\n<li class=\"li2\">\n<h4>Bei sp\u00e4terem R\u00fccktritt (Infolge Krankheit, berufliche oder private Verpflichtungen) oder bei Nicht-Erscheinen sind die gesamten Seminarkosten f\u00e4llig. Ein Anspruch auf R\u00fcckerstattung des Kursgeldes besteht in diesem Fall nicht.<\/h4>\n<\/li>\n<\/ul>\n<h4 class=\"p4\"><\/h4>\n<h4 class=\"p1\"><b>Absage eines Seminars und Haftungsbeschr\u00e4nkung <\/b><\/h4>\n<ul class=\"ul1\">\n<li class=\"li3\">\n<h4>Wir behalten uns vor, bei einem Ausfall des Dozenten oder bei Eintritt h\u00f6herer Gewalt das Seminar abzusagen.<\/h4>\n<\/li>\n<li class=\"li3\">\n<h4>Bei zu geringer Teilnehmerzahl sind wir berechtigt, bis zu 1 Woche vor seinem Beginn das Seminar abzusagen.<\/h4>\n<\/li>\n<li class=\"li3\">\n<h4>Bei der Absage eines Seminars erhalten Sie die bereits entrichteten Geb\u00fchren r\u00fcckerstattet.<\/h4>\n<\/li>\n<li class=\"li2\">\n<h4>F\u00fcr Sch\u00e4den, die nicht die Verletzung von Leben, K\u00f6rper oder Gesundheit betreffen, haften wir nur f\u00fcr Vorsatz und grobe Fahrl\u00e4ssigkeit.<\/h4>\n<\/li>\n<\/ul>\n<p>[\/et_pb_text][\/et_pb_column][\/et_pb_row][\/et_pb_section]<\/p>\n","protected":false},"excerpt":{"rendered":"<p>AGB\u2019s fu\u0308r unsere Seminare und WorkshopsAnmeldungen Bitte beachten Sie, dass die Teilnehmerzahl der Seminard begrenzt ist. Die Anmeldungen werden in der Reihenfolge ihres Eingangs ber\u00fccksichtigt. Der Vertrag \u00fcber die Teilnahme zum Seminar wird erst wirksam, sobald Sie die Teilnahmebest\u00e4tigung oder die Rechnung von uns erhalten haben. \u00a0Kurskosten Die Seminargeb\u00fchren sind vor Kursbeginn f\u00e4llig. Die Rechnung [&hellip;]<\/p>\n","protected":false},"author":1,"featured_media":0,"parent":0,"menu_order":0,"comment_status":"closed","ping_status":"closed","template":"","meta":{"_et_pb_use_builder":"on","_et_pb_old_content":"","_et_gb_content_width":"","_joinchat":[],"footnotes":""},"class_list":["post-6801","page","type-page","status-publish","hentry"],"yoast_head":"<!-- This site is optimized with the Yoast SEO plugin v27.2 - https:\/\/yoast.com\/product\/yoast-seo-wordpress\/ -->\n<title>AGB Seminare und Workshops - CDP SWISS AG<\/title>\n<meta name=\"robots\" content=\"index, follow, max-snippet:-1, max-image-preview:large, max-video-preview:-1\" \/>\n<link rel=\"canonical\" href=\"https:\/\/cdpswiss.com\/index.php\/agb-sem-work\/\" \/>\n<meta property=\"og:locale\" content=\"de_DE\" \/>\n<meta property=\"og:type\" content=\"article\" \/>\n<meta property=\"og:title\" content=\"AGB Seminare und Workshops - CDP SWISS AG\" \/>\n<meta property=\"og:description\" content=\"AGB\u2019s fu\u0308r unsere Seminare und WorkshopsAnmeldungen Bitte beachten Sie, dass die Teilnehmerzahl der Seminard begrenzt ist. Die Anmeldungen werden in der Reihenfolge ihres Eingangs ber\u00fccksichtigt. Der Vertrag \u00fcber die Teilnahme zum Seminar wird erst wirksam, sobald Sie die Teilnahmebest\u00e4tigung oder die Rechnung von uns erhalten haben. \u00a0Kurskosten Die Seminargeb\u00fchren sind vor Kursbeginn f\u00e4llig. Die Rechnung [&hellip;]\" \/>\n<meta property=\"og:url\" content=\"https:\/\/cdpswiss.com\/index.php\/agb-sem-work\/\" \/>\n<meta property=\"og:site_name\" content=\"CDP SWISS AG\" \/>\n<meta property=\"article:publisher\" content=\"https:\/\/www.facebook.com\/cdp.swiss\" \/>\n<meta property=\"article:modified_time\" content=\"2020-08-26T13:26:41+00:00\" \/>\n<meta name=\"twitter:card\" content=\"summary_large_image\" \/>\n<meta name=\"twitter:site\" content=\"@CDPSWISS\" \/>\n<meta name=\"twitter:label1\" content=\"Gesch\u00e4tzte Lesezeit\" \/>\n\t<meta name=\"twitter:data1\" content=\"3\u00a0Minuten\" \/>\n<script type=\"application\/ld+json\" class=\"yoast-schema-graph\">{\"@context\":\"https:\/\/schema.org\",\"@graph\":[{\"@type\":\"WebPage\",\"@id\":\"https:\/\/cdpswiss.com\/index.php\/agb-sem-work\/\",\"url\":\"https:\/\/cdpswiss.com\/index.php\/agb-sem-work\/\",\"name\":\"AGB Seminare und Workshops - CDP SWISS AG\",\"isPartOf\":{\"@id\":\"https:\/\/cdpswiss.com\/#website\"},\"datePublished\":\"2020-08-26T13:16:14+00:00\",\"dateModified\":\"2020-08-26T13:26:41+00:00\",\"breadcrumb\":{\"@id\":\"https:\/\/cdpswiss.com\/index.php\/agb-sem-work\/#breadcrumb\"},\"inLanguage\":\"de\",\"potentialAction\":[{\"@type\":\"ReadAction\",\"target\":[\"https:\/\/cdpswiss.com\/index.php\/agb-sem-work\/\"]}]},{\"@type\":\"BreadcrumbList\",\"@id\":\"https:\/\/cdpswiss.com\/index.php\/agb-sem-work\/#breadcrumb\",\"itemListElement\":[{\"@type\":\"ListItem\",\"position\":1,\"name\":\"Startseite\",\"item\":\"https:\/\/cdpswiss.com\/\"},{\"@type\":\"ListItem\",\"position\":2,\"name\":\"AGB Seminare und Workshops\"}]},{\"@type\":\"WebSite\",\"@id\":\"https:\/\/cdpswiss.com\/#website\",\"url\":\"https:\/\/cdpswiss.com\/\",\"name\":\"CDP SWISS AG\",\"description\":\"Clinical Distribution Partner\",\"publisher\":{\"@id\":\"https:\/\/cdpswiss.com\/#organization\"},\"potentialAction\":[{\"@type\":\"SearchAction\",\"target\":{\"@type\":\"EntryPoint\",\"urlTemplate\":\"https:\/\/cdpswiss.com\/?s={search_term_string}\"},\"query-input\":{\"@type\":\"PropertyValueSpecification\",\"valueRequired\":true,\"valueName\":\"search_term_string\"}}],\"inLanguage\":\"de\"},{\"@type\":\"Organization\",\"@id\":\"https:\/\/cdpswiss.com\/#organization\",\"name\":\"CDP SWISS AG\",\"url\":\"https:\/\/cdpswiss.com\/\",\"logo\":{\"@type\":\"ImageObject\",\"inLanguage\":\"de\",\"@id\":\"https:\/\/cdpswiss.com\/#\/schema\/logo\/image\/\",\"url\":\"https:\/\/cdpswiss.com\/wp-content\/uploads\/2020\/07\/cdp13943.jpg\",\"contentUrl\":\"https:\/\/cdpswiss.com\/wp-content\/uploads\/2020\/07\/cdp13943.jpg\",\"width\":184,\"height\":59,\"caption\":\"CDP SWISS AG\"},\"image\":{\"@id\":\"https:\/\/cdpswiss.com\/#\/schema\/logo\/image\/\"},\"sameAs\":[\"https:\/\/www.facebook.com\/cdp.swiss\",\"https:\/\/x.com\/CDPSWISS\",\"https:\/\/www.instagram.com\/cdp_swiss\/\",\"http:\/\/www.linkedin.com\/company\/cdp-swiss-ag\",\"https:\/\/www.youtube.com\/channel\/UCEvSby-TC5tgpbcYfRjd62g\"]}]}<\/script>\n<!-- \/ Yoast SEO plugin. -->","yoast_head_json":{"title":"AGB Seminare und Workshops - CDP SWISS AG","robots":{"index":"index","follow":"follow","max-snippet":"max-snippet:-1","max-image-preview":"max-image-preview:large","max-video-preview":"max-video-preview:-1"},"canonical":"https:\/\/cdpswiss.com\/index.php\/agb-sem-work\/","og_locale":"de_DE","og_type":"article","og_title":"AGB Seminare und Workshops - CDP SWISS AG","og_description":"AGB\u2019s fu\u0308r unsere Seminare und WorkshopsAnmeldungen Bitte beachten Sie, dass die Teilnehmerzahl der Seminard begrenzt ist. Die Anmeldungen werden in der Reihenfolge ihres Eingangs ber\u00fccksichtigt. Der Vertrag \u00fcber die Teilnahme zum Seminar wird erst wirksam, sobald Sie die Teilnahmebest\u00e4tigung oder die Rechnung von uns erhalten haben. \u00a0Kurskosten Die Seminargeb\u00fchren sind vor Kursbeginn f\u00e4llig. Die Rechnung [&hellip;]","og_url":"https:\/\/cdpswiss.com\/index.php\/agb-sem-work\/","og_site_name":"CDP SWISS AG","article_publisher":"https:\/\/www.facebook.com\/cdp.swiss","article_modified_time":"2020-08-26T13:26:41+00:00","twitter_card":"summary_large_image","twitter_site":"@CDPSWISS","twitter_misc":{"Gesch\u00e4tzte Lesezeit":"3\u00a0Minuten"},"schema":{"@context":"https:\/\/schema.org","@graph":[{"@type":"WebPage","@id":"https:\/\/cdpswiss.com\/index.php\/agb-sem-work\/","url":"https:\/\/cdpswiss.com\/index.php\/agb-sem-work\/","name":"AGB Seminare und Workshops - CDP SWISS AG","isPartOf":{"@id":"https:\/\/cdpswiss.com\/#website"},"datePublished":"2020-08-26T13:16:14+00:00","dateModified":"2020-08-26T13:26:41+00:00","breadcrumb":{"@id":"https:\/\/cdpswiss.com\/index.php\/agb-sem-work\/#breadcrumb"},"inLanguage":"de","potentialAction":[{"@type":"ReadAction","target":["https:\/\/cdpswiss.com\/index.php\/agb-sem-work\/"]}]},{"@type":"BreadcrumbList","@id":"https:\/\/cdpswiss.com\/index.php\/agb-sem-work\/#breadcrumb","itemListElement":[{"@type":"ListItem","position":1,"name":"Startseite","item":"https:\/\/cdpswiss.com\/"},{"@type":"ListItem","position":2,"name":"AGB Seminare und Workshops"}]},{"@type":"WebSite","@id":"https:\/\/cdpswiss.com\/#website","url":"https:\/\/cdpswiss.com\/","name":"CDP SWISS AG","description":"Clinical Distribution Partner","publisher":{"@id":"https:\/\/cdpswiss.com\/#organization"},"potentialAction":[{"@type":"SearchAction","target":{"@type":"EntryPoint","urlTemplate":"https:\/\/cdpswiss.com\/?s={search_term_string}"},"query-input":{"@type":"PropertyValueSpecification","valueRequired":true,"valueName":"search_term_string"}}],"inLanguage":"de"},{"@type":"Organization","@id":"https:\/\/cdpswiss.com\/#organization","name":"CDP SWISS AG","url":"https:\/\/cdpswiss.com\/","logo":{"@type":"ImageObject","inLanguage":"de","@id":"https:\/\/cdpswiss.com\/#\/schema\/logo\/image\/","url":"https:\/\/cdpswiss.com\/wp-content\/uploads\/2020\/07\/cdp13943.jpg","contentUrl":"https:\/\/cdpswiss.com\/wp-content\/uploads\/2020\/07\/cdp13943.jpg","width":184,"height":59,"caption":"CDP SWISS AG"},"image":{"@id":"https:\/\/cdpswiss.com\/#\/schema\/logo\/image\/"},"sameAs":["https:\/\/www.facebook.com\/cdp.swiss","https:\/\/x.com\/CDPSWISS","https:\/\/www.instagram.com\/cdp_swiss\/","http:\/\/www.linkedin.com\/company\/cdp-swiss-ag","https:\/\/www.youtube.com\/channel\/UCEvSby-TC5tgpbcYfRjd62g"]}]}},"_links":{"self":[{"href":"https:\/\/cdpswiss.com\/index.php\/wp-json\/wp\/v2\/pages\/6801","targetHints":{"allow":["GET"]}}],"collection":[{"href":"https:\/\/cdpswiss.com\/index.php\/wp-json\/wp\/v2\/pages"}],"about":[{"href":"https:\/\/cdpswiss.com\/index.php\/wp-json\/wp\/v2\/types\/page"}],"author":[{"embeddable":true,"href":"https:\/\/cdpswiss.com\/index.php\/wp-json\/wp\/v2\/users\/1"}],"replies":[{"embeddable":true,"href":"https:\/\/cdpswiss.com\/index.php\/wp-json\/wp\/v2\/comments?post=6801"}],"version-history":[{"count":0,"href":"https:\/\/cdpswiss.com\/index.php\/wp-json\/wp\/v2\/pages\/6801\/revisions"}],"wp:attachment":[{"href":"https:\/\/cdpswiss.com\/index.php\/wp-json\/wp\/v2\/media?parent=6801"}],"curies":[{"name":"wp","href":"https:\/\/api.w.org\/{rel}","templated":true}]}}