{"id":751,"date":"2020-03-05T14:17:29","date_gmt":"2020-03-05T14:17:29","guid":{"rendered":"https:\/\/cdpswiss.com\/?page_id=751"},"modified":"2024-04-25T08:40:15","modified_gmt":"2024-04-25T08:40:15","slug":"finanzierung","status":"publish","type":"page","link":"https:\/\/cdpswiss.com\/index.php\/finanzierung\/","title":{"rendered":"Finanzierung"},"content":{"rendered":"<p>[et_pb_section fb_built=&#8220;1&#8243; admin_label=&#8220;Contact Info&#8220; _builder_version=&#8220;4.16&#8243; background_image=&#8220;https:\/\/cdpswiss.com\/wp-content\/uploads\/2016\/05\/dentist-04.png&#8220; background_size=&#8220;initial&#8220; background_position=&#8220;top_center&#8220; custom_padding=&#8220;0|0|150px|0px|false|false&#8220; global_colors_info=&#8220;{}&#8220; theme_builder_area=&#8220;post_content&#8220;][et_pb_row column_structure=&#8220;1_2,1_2&#8243; custom_padding_last_edited=&#8220;on|desktop&#8220; _builder_version=&#8220;4.25.0&#8243; use_background_color_gradient=&#8220;on&#8220; background_color_gradient_direction=&#8220;108deg&#8220; background_color_gradient_stops=&#8220;#e0af00 0%|rgba(224,175,0,0.6) 100%&#8220; background_color_gradient_start=&#8220;#0059c3&#8243; background_color_gradient_end=&#8220;rgba(0,129,255,0.7)&#8220; max_width=&#8220;1280px&#8220; module_alignment=&#8220;center&#8220; custom_margin=&#8220;|||&#8220; custom_padding=&#8220;70px|5vw|70px|5vw|true|true&#8220; custom_padding_tablet=&#8220;|5vw||5vw||true&#8220; custom_padding_phone=&#8220;|5vw||5vw||true&#8220; animation_style=&#8220;zoom&#8220; animation_direction=&#8220;top&#8220; animation_intensity_zoom=&#8220;1%&#8220; border_radii=&#8220;|||14vw|14vw&#8220; box_shadow_style=&#8220;preset1&#8243; box_shadow_vertical=&#8220;20px&#8220; box_shadow_blur=&#8220;50px&#8220; box_shadow_color=&#8220;rgba(0,121,255,0.2)&#8220; use_custom_width=&#8220;on&#8220; custom_width_px=&#8220;1280px&#8220; global_colors_info=&#8220;{}&#8220; theme_builder_area=&#8220;post_content&#8220;][et_pb_column type=&#8220;1_2&#8243; _builder_version=&#8220;4.16&#8243; custom_padding=&#8220;|||&#8220; custom_padding_tablet=&#8220;40px|||&#8220; custom_padding_phone=&#8220;20px|||&#8220; custom_padding_last_edited=&#8220;off|desktop&#8220; global_colors_info=&#8220;{}&#8220; padding_phone=&#8220;20px|||&#8220; padding_tablet=&#8220;40px|||&#8220; padding_last_edited=&#8220;off|desktop&#8220; custom_padding__hover=&#8220;|||&#8220; theme_builder_area=&#8220;post_content&#8220;][et_pb_text _builder_version=&#8220;4.25.0&#8243; text_font=&#8220;Open Sans||||||||&#8220; text_line_height=&#8220;2em&#8220; header_font=&#8220;||||||||&#8220; header_2_font=&#8220;&#8211;et_global_heading_font|600|||||||&#8220; header_2_font_size=&#8220;50px&#8220; header_2_line_height=&#8220;1.4em&#8220; header_3_font=&#8220;Cantata One||||||||&#8220; header_3_text_color=&#8220;#0081ff&#8220; header_3_font_size=&#8220;20px&#8220; header_3_line_height=&#8220;1.6em&#8220; text_orientation=&#8220;center&#8220; background_layout=&#8220;dark&#8220; max_width=&#8220;500px&#8220; hover_enabled=&#8220;0&#8243; header_2_font_size_tablet=&#8220;35px&#8220; header_2_font_size_phone=&#8220;25px&#8220; header_2_font_size_last_edited=&#8220;on|phone&#8220; locked=&#8220;off&#8220; global_colors_info=&#8220;{}&#8220; theme_builder_area=&#8220;post_content&#8220; sticky_enabled=&#8220;0&#8243;]<\/p>\n<h2>Finanzierung<\/h2>\n<p>[\/et_pb_text][\/et_pb_column][et_pb_column type=&#8220;1_2&#8243; _builder_version=&#8220;4.16&#8243; custom_padding=&#8220;|||&#8220; custom_padding_tablet=&#8220;40px|||&#8220; custom_padding_phone=&#8220;20px|||&#8220; custom_padding_last_edited=&#8220;off|desktop&#8220; global_colors_info=&#8220;{}&#8220; padding_phone=&#8220;20px|||&#8220; padding_tablet=&#8220;40px|||&#8220; padding_last_edited=&#8220;off|desktop&#8220; custom_padding__hover=&#8220;|||&#8220; theme_builder_area=&#8220;post_content&#8220;][et_pb_text _builder_version=&#8220;4.25.0&#8243; text_font=&#8220;Open Sans||||||||&#8220; text_line_height=&#8220;2em&#8220; header_font=&#8220;||||||||&#8220; header_3_font=&#8220;||||||||&#8220; header_3_font_size=&#8220;19px&#8220; header_3_line_height=&#8220;1.4em&#8220; background_layout=&#8220;dark&#8220; locked=&#8220;off&#8220; global_colors_info=&#8220;{}&#8220; theme_builder_area=&#8220;post_content&#8220;]<\/p>\n<h3>Gerne beraten wir Sie in einem pers\u00f6nlichen Gespr\u00e4ch. Entdecken Sie, wie wir Ihnen helfen k\u00f6nnen, Ihre Ziele zu erreichen.<\/h3>\n<p>[\/et_pb_text][\/et_pb_column][\/et_pb_row][\/et_pb_section][et_pb_section fb_built=&#8220;1&#8243; _builder_version=&#8220;4.16&#8243; background_color=&#8220;#f6f7fa&#8220; use_background_color_gradient=&#8220;on&#8220; background_color_gradient_stops=&#8220;#ffffff 0%|#f6f7fa 100%&#8220; background_color_gradient_start=&#8220;#ffffff&#8220; background_color_gradient_end=&#8220;#f6f7fa&#8220; custom_margin=&#8220;-30px|||||&#8220; custom_padding=&#8220;8px|||||&#8220; global_colors_info=&#8220;{}&#8220;][et_pb_row column_structure=&#8220;3_4,1_4&#8243; _builder_version=&#8220;4.16&#8243; max_width=&#8220;55%&#8220; max_width_tablet=&#8220;55%&#8220; max_width_phone=&#8220;55%&#8220; max_width_last_edited=&#8220;on|desktop&#8220; global_colors_info=&#8220;{}&#8220;][et_pb_column type=&#8220;3_4&#8243; _builder_version=&#8220;4.16&#8243; custom_padding=&#8220;|||&#8220; global_colors_info=&#8220;{}&#8220; custom_padding__hover=&#8220;|||&#8220;][et_pb_accordion _builder_version=&#8220;4.16&#8243; body_font_size_tablet=&#8220;&#8220; body_font_size_phone=&#8220;&#8220; body_font_size_last_edited=&#8220;on|desktop&#8220; global_colors_info=&#8220;{}&#8220;][et_pb_accordion_item title=&#8220;Leasing&#8220; open=&#8220;on&#8220; _builder_version=&#8220;4.16&#8243; body_font_size=&#8220;16px&#8220; border_radii=&#8220;off|30px|30px|30px|&#8220; global_colors_info=&#8220;{}&#8220; toggle_level=&#8220;h4&#8243; toggle_font=&#8220;Poppins|600|||||||&#8220; toggle_font_size=&#8220;19px&#8220;]<\/p>\n<p>Ein Ger\u00e4t zu leasen kann viele Vorteile bringen und aus diesem Grund werden heute immer h\u00e4ufiger Investitionen \u00fcber ein Leasing abgewickelt. Sie bezahlen kleine monatliche Raten, Sie sparen Steuern und Ihre Liquidit\u00e4t wird nicht belastet. Am Ende der Laufzeit k\u00f6nnen Sie auf ein neues Ger\u00e4t wechseln.<\/p>\n<p>Um Ihnen individuelle Finanzierungsl\u00f6sungen und Angebote anzubieten, arbeiten wir eng mit verschiedenen Finanzierungspartnern zusammen und bieten Ihnen somit erstklassige Dienstleistungen.<\/p>\n<p>Sie haben Fragen\u00a0oder m\u00f6chten\u00a0mehr dar\u00fcber wissen?\u00a0Gerne nehmen wir Ihre Fragen telefonisch entgegen. F\u00fcr eine Kontaktaufnahme per E-Mail verwenden Sie bitte das untenstehende Kontaktformular.<\/p>\n<p>[\/et_pb_accordion_item][\/et_pb_accordion][et_pb_contact_form email=&#8220;info@cdpswiss.com&#8220; custom_message=&#8220;Finanzierung Anfrage||et_pb_line_break_holder||||et_pb_line_break_holder||Anrede: %%Anrede%%||et_pb_line_break_holder||Name: %%Name%%||et_pb_line_break_holder||Firma: %%Firma%%||et_pb_line_break_holder||PLZ \/ Ort: %%Ort%%||et_pb_line_break_holder||Telefon: %%Telefon%%||et_pb_line_break_holder||E-mail: %%Email%%||et_pb_line_break_holder||Message: %%message%%&#8220; success_message=&#8220;Danke f\u00fcr Ihr Interesse an unser Produktsortiment. Wir setzen uns umgehend mit Ihnen in Verbindung.&#8220; submit_button_text=&#8220;Senden&#8220; module_id=&#8220;et_pb_contact_form_0&#8243; _builder_version=&#8220;4.16&#8243; _unique_id=&#8220;0db580ac-2bf8-4398-bb7b-c5ff95d6273f&#8220; form_field_background_color=&#8220;#ffffff&#8220; title_level=&#8220;h2&#8243; title_font=&#8220;Cantata One||||||||&#8220; title_font_size=&#8220;40px&#8220; title_line_height=&#8220;1.4em&#8220; form_field_font=&#8220;Open Sans||||||||&#8220; form_field_font_size=&#8220;16px&#8220; form_field_line_height=&#8220;1.8em&#8220; custom_button=&#8220;on&#8220; button_text_size=&#8220;16px&#8220; button_text_color=&#8220;#ffffff&#8220; button_bg_color=&#8220;#D9A91A&#8220; button_border_width=&#8220;7px&#8220; button_border_color=&#8220;rgba(0,0,0,0)&#8220; button_border_radius=&#8220;100px&#8220; button_font=&#8220;|700|||||||&#8220; custom_margin=&#8220;|||&#8220; title_font_size_tablet=&#8220;35px&#8220; title_font_size_phone=&#8220;25px&#8220; title_font_size_last_edited=&#8220;on|phone&#8220; border_radii=&#8220;off|15px|15px|15px|&#8220; border_width_all=&#8220;1px&#8220; border_color_all=&#8220;#e0e0e0&#8243; form_background_color=&#8220;#ffffff&#8220; locked=&#8220;off&#8220; global_colors_info=&#8220;{}&#8220; button_bg_color__hover_enabled=&#8220;on|desktop&#8220; button_bg_color__hover=&#8220;#6b6b6b&#8220; button_bg_enable_color__hover=&#8220;on&#8220;][et_pb_contact_field field_id=&#8220;Anrede&#8220; field_title=&#8220;Anrede&#8220; field_type=&#8220;select&#8220; select_options=&#8220;%91{%22value%22:%22Frau%22,%22checked%22:0,%22dragID%22:-1},{%22value%22:%22Herr%22,%22checked%22:0,%22dragID%22:0}%93&#8243; fullwidth_field=&#8220;on&#8220; _builder_version=&#8220;4.16&#8243; global_colors_info=&#8220;{}&#8220;][\/et_pb_contact_field][et_pb_contact_field field_id=&#8220;Name&#8220; field_title=&#8220;Name&#8220; fullwidth_field=&#8220;on&#8220; _builder_version=&#8220;4.16&#8243; global_colors_info=&#8220;{}&#8220; button_text_size__hover_enabled=&#8220;off&#8220; button_one_text_size__hover_enabled=&#8220;off&#8220; button_two_text_size__hover_enabled=&#8220;off&#8220; button_text_color__hover_enabled=&#8220;off&#8220; button_one_text_color__hover_enabled=&#8220;off&#8220; button_two_text_color__hover_enabled=&#8220;off&#8220; button_border_width__hover_enabled=&#8220;off&#8220; button_one_border_width__hover_enabled=&#8220;off&#8220; button_two_border_width__hover_enabled=&#8220;off&#8220; button_border_color__hover_enabled=&#8220;off&#8220; button_one_border_color__hover_enabled=&#8220;off&#8220; button_two_border_color__hover_enabled=&#8220;off&#8220; button_border_radius__hover_enabled=&#8220;off&#8220; button_one_border_radius__hover_enabled=&#8220;off&#8220; button_two_border_radius__hover_enabled=&#8220;off&#8220; button_letter_spacing__hover_enabled=&#8220;off&#8220; button_one_letter_spacing__hover_enabled=&#8220;off&#8220; button_two_letter_spacing__hover_enabled=&#8220;off&#8220; button_bg_color__hover_enabled=&#8220;off&#8220; button_one_bg_color__hover_enabled=&#8220;off&#8220; button_two_bg_color__hover_enabled=&#8220;off&#8220;][\/et_pb_contact_field][et_pb_contact_field field_id=&#8220;Firma&#8220; field_title=&#8220;Firma&#8220; fullwidth_field=&#8220;on&#8220; _builder_version=&#8220;4.16&#8243; global_colors_info=&#8220;{}&#8220;][\/et_pb_contact_field][et_pb_contact_field field_id=&#8220;Adresse&#8220; field_title=&#8220;Adresse&#8220; fullwidth_field=&#8220;on&#8220; _builder_version=&#8220;4.16&#8243; global_colors_info=&#8220;{}&#8220;][\/et_pb_contact_field][et_pb_contact_field field_id=&#8220;Ort&#8220; field_title=&#8220;PLZ \/ Ort&#8220; fullwidth_field=&#8220;on&#8220; _builder_version=&#8220;4.16&#8243; global_colors_info=&#8220;{}&#8220;][\/et_pb_contact_field][et_pb_contact_field field_id=&#8220;Telefon&#8220; field_title=&#8220;Telefon&#8220; allowed_symbols=&#8220;numbers&#8220; fullwidth_field=&#8220;on&#8220; _builder_version=&#8220;4.16&#8243; global_colors_info=&#8220;{}&#8220;][\/et_pb_contact_field][et_pb_contact_field field_id=&#8220;Email&#8220; field_title=&#8220;E-mail &#8220; field_type=&#8220;email&#8220; fullwidth_field=&#8220;on&#8220; _builder_version=&#8220;4.16&#8243; global_colors_info=&#8220;{}&#8220; button_text_size__hover_enabled=&#8220;off&#8220; button_one_text_size__hover_enabled=&#8220;off&#8220; button_two_text_size__hover_enabled=&#8220;off&#8220; button_text_color__hover_enabled=&#8220;off&#8220; button_one_text_color__hover_enabled=&#8220;off&#8220; button_two_text_color__hover_enabled=&#8220;off&#8220; button_border_width__hover_enabled=&#8220;off&#8220; button_one_border_width__hover_enabled=&#8220;off&#8220; button_two_border_width__hover_enabled=&#8220;off&#8220; button_border_color__hover_enabled=&#8220;off&#8220; button_one_border_color__hover_enabled=&#8220;off&#8220; button_two_border_color__hover_enabled=&#8220;off&#8220; button_border_radius__hover_enabled=&#8220;off&#8220; button_one_border_radius__hover_enabled=&#8220;off&#8220; button_two_border_radius__hover_enabled=&#8220;off&#8220; button_letter_spacing__hover_enabled=&#8220;off&#8220; button_one_letter_spacing__hover_enabled=&#8220;off&#8220; button_two_letter_spacing__hover_enabled=&#8220;off&#8220; button_bg_color__hover_enabled=&#8220;off&#8220; button_one_bg_color__hover_enabled=&#8220;off&#8220; button_two_bg_color__hover_enabled=&#8220;off&#8220;][\/et_pb_contact_field][et_pb_contact_field field_id=&#8220;Message&#8220; field_title=&#8220;Nachricht&#8220; field_type=&#8220;text&#8220; fullwidth_field=&#8220;on&#8220; _builder_version=&#8220;4.16&#8243; custom_margin=&#8220;||40px|&#8220; global_colors_info=&#8220;{}&#8220; button_text_size__hover_enabled=&#8220;off&#8220; button_one_text_size__hover_enabled=&#8220;off&#8220; button_two_text_size__hover_enabled=&#8220;off&#8220; button_text_color__hover_enabled=&#8220;off&#8220; button_one_text_color__hover_enabled=&#8220;off&#8220; button_two_text_color__hover_enabled=&#8220;off&#8220; button_border_width__hover_enabled=&#8220;off&#8220; button_one_border_width__hover_enabled=&#8220;off&#8220; button_two_border_width__hover_enabled=&#8220;off&#8220; button_border_color__hover_enabled=&#8220;off&#8220; button_one_border_color__hover_enabled=&#8220;off&#8220; button_two_border_color__hover_enabled=&#8220;off&#8220; button_border_radius__hover_enabled=&#8220;off&#8220; button_one_border_radius__hover_enabled=&#8220;off&#8220; button_two_border_radius__hover_enabled=&#8220;off&#8220; button_letter_spacing__hover_enabled=&#8220;off&#8220; button_one_letter_spacing__hover_enabled=&#8220;off&#8220; button_two_letter_spacing__hover_enabled=&#8220;off&#8220; button_bg_color__hover_enabled=&#8220;off&#8220; button_one_bg_color__hover_enabled=&#8220;off&#8220; button_two_bg_color__hover_enabled=&#8220;off&#8220;][\/et_pb_contact_field][\/et_pb_contact_form][\/et_pb_column][et_pb_column type=&#8220;1_4&#8243; _builder_version=&#8220;4.16&#8243; custom_padding=&#8220;|||&#8220; global_colors_info=&#8220;{}&#8220; custom_padding__hover=&#8220;|||&#8220;][et_pb_text disabled_on=&#8220;on|on|off&#8220; _builder_version=&#8220;4.16&#8243; text_font=&#8220;Open Sans||||||||&#8220; text_line_height=&#8220;2em&#8220; header_font=&#8220;|800|||||||&#8220; header_3_font=&#8220;|700|||||||&#8220; header_3_font_size=&#8220;20px&#8220; header_3_line_height=&#8220;1.6em&#8220; max_width=&#8220;500px&#8220; locked=&#8220;off&#8220; global_colors_info=&#8220;{}&#8220;]<\/p>\n<h3>Arbeitszeit:<\/h3>\n<p>Montag: 9am &#8211; 6:00 pm<br \/> Dienstag: 9am &#8211; 6:00 pm<br \/> Mittwoch: 9am &#8211; 6:00 pm<br \/> Donnerstag:\u00a09am &#8211; 6:00 pm<br \/> Freitag: 9am &#8211; 6:00 pm<\/p>\n<p>[\/et_pb_text][et_pb_text disabled_on=&#8220;on|on|off&#8220; _builder_version=&#8220;4.16&#8243; text_font=&#8220;||||||||&#8220; text_text_color=&#8220;#000000&#8243; text_line_height=&#8220;2em&#8220; link_font=&#8220;|700|||||||&#8220; link_text_color=&#8220;#0c71c3&#8243; header_font=&#8220;||||||||&#8220; header_3_font=&#8220;|700|||||||&#8220; header_3_font_size=&#8220;20px&#8220; header_3_line_height=&#8220;1.6em&#8220; max_width=&#8220;500px&#8220; locked=&#8220;off&#8220; global_colors_info=&#8220;{}&#8220;]<\/p>\n<h3>Links:<\/h3>\n<p><a href=\"https:\/\/cdpswiss.com\/index.php\/kontakt\/\">Kontakt<\/a><br \/> <a href=\"https:\/\/cdpswiss.com\/index.php\/datenschutzbestimmungen\/\">AGB<\/a><br \/> <a href=\"https:\/\/cdpswiss.com\/index.php\/faq\/\">FAQ<br \/> <\/a><a href=\"https:\/\/cdpswiss.com\/index.php\/impressum\/\">Impressum<\/a><\/p>\n<p>[\/et_pb_text][\/et_pb_column][\/et_pb_row][\/et_pb_section]<\/p>\n","protected":false},"excerpt":{"rendered":"<p>FinanzierungGerne beraten wir Sie in einem pers\u00f6nlichen Gespr\u00e4ch. Entdecken Sie, wie wir Ihnen helfen k\u00f6nnen, Ihre Ziele zu erreichen.Ein Ger\u00e4t zu leasen kann viele Vorteile bringen und aus diesem Grund werden heute immer h\u00e4ufiger Investitionen \u00fcber ein Leasing abgewickelt. Sie bezahlen kleine monatliche Raten, Sie sparen Steuern und Ihre Liquidit\u00e4t wird nicht belastet. Am Ende [&hellip;]<\/p>\n","protected":false},"author":1,"featured_media":0,"parent":0,"menu_order":0,"comment_status":"closed","ping_status":"closed","template":"","meta":{"_et_pb_use_builder":"on","_et_pb_old_content":"","_et_gb_content_width":"","_joinchat":[],"footnotes":""},"class_list":["post-751","page","type-page","status-publish","hentry"],"yoast_head":"<!-- This site is optimized with the Yoast SEO plugin v27.2 - https:\/\/yoast.com\/product\/yoast-seo-wordpress\/ -->\n<title>Finanzierung - CDP SWISS AG<\/title>\n<meta name=\"description\" content=\"Damit wir Ihnen individuelle Finanzierungsl\u00f6sungen und Angebote anbieten k\u00f6nnen, arbeiten wir mit verschiedenen Finanzierungspartnern zusammen.\" \/>\n<meta name=\"robots\" content=\"index, follow, max-snippet:-1, max-image-preview:large, max-video-preview:-1\" \/>\n<link rel=\"canonical\" href=\"https:\/\/cdpswiss.com\/index.php\/finanzierung\/\" \/>\n<meta property=\"og:locale\" content=\"de_DE\" \/>\n<meta property=\"og:type\" content=\"article\" \/>\n<meta property=\"og:title\" content=\"Finanzierung - CDP SWISS AG\" \/>\n<meta property=\"og:description\" content=\"Damit wir Ihnen individuelle Finanzierungsl\u00f6sungen und Angebote anbieten k\u00f6nnen, arbeiten wir mit verschiedenen Finanzierungspartnern zusammen.\" \/>\n<meta property=\"og:url\" content=\"https:\/\/cdpswiss.com\/index.php\/finanzierung\/\" \/>\n<meta property=\"og:site_name\" content=\"CDP SWISS AG\" \/>\n<meta property=\"article:publisher\" content=\"https:\/\/www.facebook.com\/cdp.swiss\" \/>\n<meta property=\"article:modified_time\" content=\"2024-04-25T08:40:15+00:00\" \/>\n<meta name=\"twitter:card\" content=\"summary_large_image\" \/>\n<meta name=\"twitter:site\" content=\"@CDPSWISS\" \/>\n<meta name=\"twitter:label1\" content=\"Gesch\u00e4tzte Lesezeit\" \/>\n\t<meta name=\"twitter:data1\" content=\"3\u00a0Minuten\" \/>\n<script type=\"application\/ld+json\" class=\"yoast-schema-graph\">{\"@context\":\"https:\/\/schema.org\",\"@graph\":[{\"@type\":\"WebPage\",\"@id\":\"https:\/\/cdpswiss.com\/index.php\/finanzierung\/\",\"url\":\"https:\/\/cdpswiss.com\/index.php\/finanzierung\/\",\"name\":\"Finanzierung - CDP SWISS AG\",\"isPartOf\":{\"@id\":\"https:\/\/cdpswiss.com\/#website\"},\"datePublished\":\"2020-03-05T14:17:29+00:00\",\"dateModified\":\"2024-04-25T08:40:15+00:00\",\"description\":\"Damit wir Ihnen individuelle Finanzierungsl\u00f6sungen und Angebote anbieten k\u00f6nnen, arbeiten wir mit verschiedenen Finanzierungspartnern zusammen.\",\"breadcrumb\":{\"@id\":\"https:\/\/cdpswiss.com\/index.php\/finanzierung\/#breadcrumb\"},\"inLanguage\":\"de\",\"potentialAction\":[{\"@type\":\"ReadAction\",\"target\":[\"https:\/\/cdpswiss.com\/index.php\/finanzierung\/\"]}]},{\"@type\":\"BreadcrumbList\",\"@id\":\"https:\/\/cdpswiss.com\/index.php\/finanzierung\/#breadcrumb\",\"itemListElement\":[{\"@type\":\"ListItem\",\"position\":1,\"name\":\"Startseite\",\"item\":\"https:\/\/cdpswiss.com\/\"},{\"@type\":\"ListItem\",\"position\":2,\"name\":\"Finanzierung\"}]},{\"@type\":\"WebSite\",\"@id\":\"https:\/\/cdpswiss.com\/#website\",\"url\":\"https:\/\/cdpswiss.com\/\",\"name\":\"CDP SWISS AG\",\"description\":\"Clinical Distribution Partner\",\"publisher\":{\"@id\":\"https:\/\/cdpswiss.com\/#organization\"},\"potentialAction\":[{\"@type\":\"SearchAction\",\"target\":{\"@type\":\"EntryPoint\",\"urlTemplate\":\"https:\/\/cdpswiss.com\/?s={search_term_string}\"},\"query-input\":{\"@type\":\"PropertyValueSpecification\",\"valueRequired\":true,\"valueName\":\"search_term_string\"}}],\"inLanguage\":\"de\"},{\"@type\":\"Organization\",\"@id\":\"https:\/\/cdpswiss.com\/#organization\",\"name\":\"CDP SWISS AG\",\"url\":\"https:\/\/cdpswiss.com\/\",\"logo\":{\"@type\":\"ImageObject\",\"inLanguage\":\"de\",\"@id\":\"https:\/\/cdpswiss.com\/#\/schema\/logo\/image\/\",\"url\":\"https:\/\/cdpswiss.com\/wp-content\/uploads\/2020\/07\/cdp13943.jpg\",\"contentUrl\":\"https:\/\/cdpswiss.com\/wp-content\/uploads\/2020\/07\/cdp13943.jpg\",\"width\":184,\"height\":59,\"caption\":\"CDP SWISS AG\"},\"image\":{\"@id\":\"https:\/\/cdpswiss.com\/#\/schema\/logo\/image\/\"},\"sameAs\":[\"https:\/\/www.facebook.com\/cdp.swiss\",\"https:\/\/x.com\/CDPSWISS\",\"https:\/\/www.instagram.com\/cdp_swiss\/\",\"http:\/\/www.linkedin.com\/company\/cdp-swiss-ag\",\"https:\/\/www.youtube.com\/channel\/UCEvSby-TC5tgpbcYfRjd62g\"]}]}<\/script>\n<!-- \/ Yoast SEO plugin. -->","yoast_head_json":{"title":"Finanzierung - CDP SWISS AG","description":"Damit wir Ihnen individuelle Finanzierungsl\u00f6sungen und Angebote anbieten k\u00f6nnen, arbeiten wir mit verschiedenen Finanzierungspartnern zusammen.","robots":{"index":"index","follow":"follow","max-snippet":"max-snippet:-1","max-image-preview":"max-image-preview:large","max-video-preview":"max-video-preview:-1"},"canonical":"https:\/\/cdpswiss.com\/index.php\/finanzierung\/","og_locale":"de_DE","og_type":"article","og_title":"Finanzierung - CDP SWISS AG","og_description":"Damit wir Ihnen individuelle Finanzierungsl\u00f6sungen und Angebote anbieten k\u00f6nnen, arbeiten wir mit verschiedenen Finanzierungspartnern zusammen.","og_url":"https:\/\/cdpswiss.com\/index.php\/finanzierung\/","og_site_name":"CDP SWISS AG","article_publisher":"https:\/\/www.facebook.com\/cdp.swiss","article_modified_time":"2024-04-25T08:40:15+00:00","twitter_card":"summary_large_image","twitter_site":"@CDPSWISS","twitter_misc":{"Gesch\u00e4tzte Lesezeit":"3\u00a0Minuten"},"schema":{"@context":"https:\/\/schema.org","@graph":[{"@type":"WebPage","@id":"https:\/\/cdpswiss.com\/index.php\/finanzierung\/","url":"https:\/\/cdpswiss.com\/index.php\/finanzierung\/","name":"Finanzierung - CDP SWISS AG","isPartOf":{"@id":"https:\/\/cdpswiss.com\/#website"},"datePublished":"2020-03-05T14:17:29+00:00","dateModified":"2024-04-25T08:40:15+00:00","description":"Damit wir Ihnen individuelle Finanzierungsl\u00f6sungen und Angebote anbieten k\u00f6nnen, arbeiten wir mit verschiedenen Finanzierungspartnern zusammen.","breadcrumb":{"@id":"https:\/\/cdpswiss.com\/index.php\/finanzierung\/#breadcrumb"},"inLanguage":"de","potentialAction":[{"@type":"ReadAction","target":["https:\/\/cdpswiss.com\/index.php\/finanzierung\/"]}]},{"@type":"BreadcrumbList","@id":"https:\/\/cdpswiss.com\/index.php\/finanzierung\/#breadcrumb","itemListElement":[{"@type":"ListItem","position":1,"name":"Startseite","item":"https:\/\/cdpswiss.com\/"},{"@type":"ListItem","position":2,"name":"Finanzierung"}]},{"@type":"WebSite","@id":"https:\/\/cdpswiss.com\/#website","url":"https:\/\/cdpswiss.com\/","name":"CDP SWISS AG","description":"Clinical Distribution Partner","publisher":{"@id":"https:\/\/cdpswiss.com\/#organization"},"potentialAction":[{"@type":"SearchAction","target":{"@type":"EntryPoint","urlTemplate":"https:\/\/cdpswiss.com\/?s={search_term_string}"},"query-input":{"@type":"PropertyValueSpecification","valueRequired":true,"valueName":"search_term_string"}}],"inLanguage":"de"},{"@type":"Organization","@id":"https:\/\/cdpswiss.com\/#organization","name":"CDP SWISS AG","url":"https:\/\/cdpswiss.com\/","logo":{"@type":"ImageObject","inLanguage":"de","@id":"https:\/\/cdpswiss.com\/#\/schema\/logo\/image\/","url":"https:\/\/cdpswiss.com\/wp-content\/uploads\/2020\/07\/cdp13943.jpg","contentUrl":"https:\/\/cdpswiss.com\/wp-content\/uploads\/2020\/07\/cdp13943.jpg","width":184,"height":59,"caption":"CDP SWISS AG"},"image":{"@id":"https:\/\/cdpswiss.com\/#\/schema\/logo\/image\/"},"sameAs":["https:\/\/www.facebook.com\/cdp.swiss","https:\/\/x.com\/CDPSWISS","https:\/\/www.instagram.com\/cdp_swiss\/","http:\/\/www.linkedin.com\/company\/cdp-swiss-ag","https:\/\/www.youtube.com\/channel\/UCEvSby-TC5tgpbcYfRjd62g"]}]}},"_links":{"self":[{"href":"https:\/\/cdpswiss.com\/index.php\/wp-json\/wp\/v2\/pages\/751","targetHints":{"allow":["GET"]}}],"collection":[{"href":"https:\/\/cdpswiss.com\/index.php\/wp-json\/wp\/v2\/pages"}],"about":[{"href":"https:\/\/cdpswiss.com\/index.php\/wp-json\/wp\/v2\/types\/page"}],"author":[{"embeddable":true,"href":"https:\/\/cdpswiss.com\/index.php\/wp-json\/wp\/v2\/users\/1"}],"replies":[{"embeddable":true,"href":"https:\/\/cdpswiss.com\/index.php\/wp-json\/wp\/v2\/comments?post=751"}],"version-history":[{"count":1,"href":"https:\/\/cdpswiss.com\/index.php\/wp-json\/wp\/v2\/pages\/751\/revisions"}],"predecessor-version":[{"id":987506114,"href":"https:\/\/cdpswiss.com\/index.php\/wp-json\/wp\/v2\/pages\/751\/revisions\/987506114"}],"wp:attachment":[{"href":"https:\/\/cdpswiss.com\/index.php\/wp-json\/wp\/v2\/media?parent=751"}],"curies":[{"name":"wp","href":"https:\/\/api.w.org\/{rel}","templated":true}]}}