{"id":764,"date":"2020-03-05T14:41:48","date_gmt":"2020-03-05T14:41:48","guid":{"rendered":"https:\/\/cdpswiss.com\/?page_id=764"},"modified":"2026-01-28T10:11:29","modified_gmt":"2026-01-28T10:11:29","slug":"marketing-und-grafik","status":"publish","type":"page","link":"https:\/\/cdpswiss.com\/index.php\/marketing-und-grafik\/","title":{"rendered":"Marketing und Grafik"},"content":{"rendered":"<p>[et_pb_section fb_built=&#8220;1&#8243; admin_label=&#8220;Contact Info&#8220; _builder_version=&#8220;4.16&#8243; background_image=&#8220;https:\/\/cdpswiss.com\/wp-content\/uploads\/2016\/05\/dentist-04.png&#8220; background_size=&#8220;initial&#8220; background_position=&#8220;top_center&#8220; custom_padding=&#8220;0|0|150px|0px|false|false&#8220; global_colors_info=&#8220;{}&#8220;][et_pb_row column_structure=&#8220;1_2,1_2&#8243; custom_padding_last_edited=&#8220;on|desktop&#8220; _builder_version=&#8220;4.25.0&#8243; use_background_color_gradient=&#8220;on&#8220; background_color_gradient_direction=&#8220;108deg&#8220; background_color_gradient_stops=&#8220;#e0af00 0%|rgba(224,175,0,0.6) 100%&#8220; background_color_gradient_start=&#8220;#0059c3&#8243; background_color_gradient_end=&#8220;rgba(0,129,255,0.7)&#8220; module_alignment=&#8220;center&#8220; custom_margin=&#8220;|||&#8220; custom_padding=&#8220;70px|5vw|70px|5vw|true|true&#8220; custom_padding_tablet=&#8220;|5vw||5vw||true&#8220; custom_padding_phone=&#8220;|5vw||5vw||true&#8220; animation_style=&#8220;zoom&#8220; animation_direction=&#8220;top&#8220; animation_intensity_zoom=&#8220;1%&#8220; border_radii=&#8220;|||14vw|14vw&#8220; box_shadow_style=&#8220;preset1&#8243; box_shadow_vertical=&#8220;20px&#8220; box_shadow_blur=&#8220;50px&#8220; box_shadow_color=&#8220;rgba(0,121,255,0.2)&#8220; use_custom_width=&#8220;on&#8220; custom_width_px=&#8220;1280px&#8220; global_colors_info=&#8220;{}&#8220;][et_pb_column type=&#8220;1_2&#8243; _builder_version=&#8220;4.16&#8243; custom_padding=&#8220;|||&#8220; custom_padding_tablet=&#8220;40px|||&#8220; custom_padding_phone=&#8220;20px|||&#8220; custom_padding_last_edited=&#8220;off|desktop&#8220; global_colors_info=&#8220;{}&#8220; padding_phone=&#8220;20px|||&#8220; padding_tablet=&#8220;40px|||&#8220; padding_last_edited=&#8220;off|desktop&#8220; custom_padding__hover=&#8220;|||&#8220;][et_pb_text _builder_version=&#8220;4.25.0&#8243; text_font=&#8220;Open Sans||||||||&#8220; text_line_height=&#8220;2em&#8220; header_font=&#8220;||||||||&#8220; header_2_font=&#8220;&#8211;et_global_heading_font|600|||||||&#8220; header_2_font_size=&#8220;40px&#8220; header_2_line_height=&#8220;1.4em&#8220; header_3_font=&#8220;Cantata One||||||||&#8220; header_3_text_color=&#8220;#0081ff&#8220; header_3_font_size=&#8220;20px&#8220; header_3_line_height=&#8220;1.6em&#8220; text_orientation=&#8220;center&#8220; background_layout=&#8220;dark&#8220; max_width=&#8220;500px&#8220; header_2_font_size_tablet=&#8220;35px&#8220; header_2_font_size_phone=&#8220;25px&#8220; header_2_font_size_last_edited=&#8220;on|phone&#8220; locked=&#8220;off&#8220; global_colors_info=&#8220;{}&#8220;]<\/p>\n<h2>Werbeunterst\u00fctzung<\/h2>\n<p>[\/et_pb_text][\/et_pb_column][et_pb_column type=&#8220;1_2&#8243; _builder_version=&#8220;4.16&#8243; custom_padding=&#8220;|||&#8220; custom_padding_tablet=&#8220;40px|||&#8220; custom_padding_phone=&#8220;20px|||&#8220; custom_padding_last_edited=&#8220;off|desktop&#8220; global_colors_info=&#8220;{}&#8220; padding_phone=&#8220;20px|||&#8220; padding_tablet=&#8220;40px|||&#8220; padding_last_edited=&#8220;off|desktop&#8220; custom_padding__hover=&#8220;|||&#8220;][et_pb_text _builder_version=&#8220;4.25.0&#8243; text_font=&#8220;Open Sans||||||||&#8220; text_line_height=&#8220;2em&#8220; header_font=&#8220;||||||||&#8220; header_3_font=&#8220;||||||||&#8220; header_3_font_size=&#8220;19px&#8220; header_3_line_height=&#8220;1.4em&#8220; background_layout=&#8220;dark&#8220; locked=&#8220;off&#8220; global_colors_info=&#8220;{}&#8220;]<\/p>\n<h3>Gerne beraten wir Sie in einem pers\u00f6nlichen Gespr\u00e4ch. Entdecken Sie, wie wir Ihnen helfen k\u00f6nnen, Ihre Ziele zu erreichen.<\/h3>\n<p>[\/et_pb_text][\/et_pb_column][\/et_pb_row][\/et_pb_section][et_pb_section fb_built=&#8220;1&#8243; _builder_version=&#8220;4.16&#8243; background_color=&#8220;#f6f7fa&#8220; use_background_color_gradient=&#8220;on&#8220; background_color_gradient_stops=&#8220;#ffffff 0%|#f6f7fa 100%&#8220; background_color_gradient_start=&#8220;#ffffff&#8220; background_color_gradient_end=&#8220;#f6f7fa&#8220; custom_margin=&#8220;-30px|||||&#8220; custom_padding=&#8220;3px|||||&#8220; global_colors_info=&#8220;{}&#8220;][et_pb_row _builder_version=&#8220;4.16&#8243; max_width=&#8220;55%&#8220; max_width_tablet=&#8220;55%&#8220; max_width_phone=&#8220;55%&#8220; max_width_last_edited=&#8220;on|desktop&#8220; global_colors_info=&#8220;{}&#8220;][et_pb_column type=&#8220;4_4&#8243; _builder_version=&#8220;4.16&#8243; custom_padding=&#8220;|||&#8220; global_colors_info=&#8220;{}&#8220; custom_padding__hover=&#8220;|||&#8220;][et_pb_text _builder_version=&#8220;4.16&#8243; text_font=&#8220;||||||||&#8220; text_font_size=&#8220;16px&#8220; header_font=&#8220;||||||||&#8220; header_2_font=&#8220;Cantata One||||||||&#8220; header_2_font_size=&#8220;40px&#8220; header_2_line_height=&#8220;1.4em&#8220; header_3_font=&#8220;Cantata One||||||||&#8220; header_3_text_color=&#8220;#0081ff&#8220; header_3_font_size=&#8220;20px&#8220; header_3_line_height=&#8220;1.6em&#8220; header_4_line_height=&#8220;1.2em&#8220; text_font_size_tablet=&#8220;&#8220; text_font_size_phone=&#8220;&#8220; text_font_size_last_edited=&#8220;on|phone&#8220; header_2_font_size_tablet=&#8220;35px&#8220; header_2_font_size_phone=&#8220;25px&#8220; header_2_font_size_last_edited=&#8220;on|phone&#8220; header_4_font_size_tablet=&#8220;&#8220; header_4_font_size_phone=&#8220;&#8220; header_4_font_size_last_edited=&#8220;on|phone&#8220; global_colors_info=&#8220;{}&#8220;]<\/p>\n<h4><strong>Individuelle Konzepte und ganzheitliche L\u00f6sungen in den Bereichen Printmedien, Webdesign und Online Marketing.<\/strong><\/h4>\n<p>Ob Sie nun an ein Rebranding denken oder eine ganz neue Marke oder Logo suchen, wir konzentrieren uns auf ein Image, dass sowohl die Werte, Visionen, Kultur und emotionale Aspekte Ihrer Firma ausdruckt und die Sympathie Ihrer Kunden gewinnt.<\/p>\n<p>[\/et_pb_text][et_pb_testimonial author=&#8220;Zehra Krupic&#8220; job_title=&#8220;Marketingabteilung&#8220; company_name=&#8220;CDP SWISS AG&#8220; portrait_url=&#8220;https:\/\/cdpswiss.com\/wp-content\/uploads\/2026\/01\/ChatGPT-Image-Jan-8-2026-12_00_04-PM.jpg&#8220; portrait_width=&#8220;90px&#8220; _builder_version=&#8220;4.27.4&#8243; background_color=&#8220;rgba(0,0,0,0.1)&#8220; animation_style=&#8220;slide&#8220; hover_enabled=&#8220;0&#8243; global_colors_info=&#8220;{}&#8220; border_radii_portrait=&#8220;off|90px|90px|90px|90px&#8220; title_text=&#8220;ChatGPT Image Jan 8, 2026, 12_00_04 PM&#8220; sticky_enabled=&#8220;0&#8243;]<\/p>\n<p>Wir helfen Ihnen, das \u201cSweet Spot\u201d Ihrer Marke zu finden, der Punkt an dem sich Ihre Anliegen und Passionen mit den tiefsten Bed\u00fcrfnissen Ihrer Kundschaft Treffen.<\/p>\n<p>[\/et_pb_testimonial][\/et_pb_column][\/et_pb_row][et_pb_row column_structure=&#8220;1_3,1_3,1_3&#8243; use_custom_gutter=&#8220;on&#8220; make_equal=&#8220;on&#8220; _builder_version=&#8220;4.16&#8243; max_width=&#8220;55%&#8220; max_width_tablet=&#8220;55%&#8220; max_width_phone=&#8220;55%&#8220; max_width_last_edited=&#8220;on|desktop&#8220; global_colors_info=&#8220;{}&#8220;][et_pb_column type=&#8220;1_3&#8243; _builder_version=&#8220;4.16&#8243; global_colors_info=&#8220;{}&#8220;][et_pb_blurb title=&#8220;BRANDING &#038; CORPORATE DESIGN&#8220; image=&#8220;https:\/\/cdpswiss.com\/wp-content\/uploads\/2020\/03\/fewrververvearbgerthbte.jpg&#8220; alt=&#8220;BRANDING &#038; CORPORATE DESIGN&#8220; title_tablet=&#8220;&#8220; title_phone=&#8220;&#8220; title_last_edited=&#8220;on|desktop&#8220; content_tablet=&#8220;&#8220; content_phone=&#8220;&#8220; content_last_edited=&#8220;on|desktop&#8220; _builder_version=&#8220;4.16&#8243; header_font=&#8220;Poppins|600|||||||&#8220; header_text_color=&#8220;#424242&#8243; animation_style=&#8220;slide&#8220; border_radii_image=&#8220;off|30px|30px|30px|&#8220; global_colors_info=&#8220;{}&#8220;]<\/p>\n<p>Weil Marken Wahrnehmungsanker sind, die in den K\u00f6pfen der Kunden Bilder und Emotionen, W\u00fcnsche und Erinnerungen hervorrufen.<\/p>\n<ul>\n<li>Logo Design<\/li>\n<li>Visitenkarten<\/li>\n<li>Briefpapier<\/li>\n<li>Kuverts, Mappen, Bl\u00f6cke und andere Schreibtischunterlagen<\/li>\n<\/ul>\n<p>[\/et_pb_blurb][\/et_pb_column][et_pb_column type=&#8220;1_3&#8243; _builder_version=&#8220;4.16&#8243; global_colors_info=&#8220;{}&#8220;][et_pb_blurb title=&#8220;PRINTWERBUNG&#8220; image=&#8220;https:\/\/cdpswiss.com\/wp-content\/uploads\/2020\/03\/45342740114957.5772cd8eb7da0.jpg&#8220; alt=&#8220;PRINTWERBUNG&#8220; title_tablet=&#8220;&#8220; title_phone=&#8220;&#8220; title_last_edited=&#8220;on|desktop&#8220; content_tablet=&#8220;&#8220; content_phone=&#8220;&#8220; content_last_edited=&#8220;on|desktop&#8220; _builder_version=&#8220;4.16&#8243; header_font=&#8220;Poppins|600|||||||&#8220; header_text_color=&#8220;#424242&#8243; animation_style=&#8220;slide&#8220; border_radii_image=&#8220;off|30px|30px|30px|&#8220; global_colors_info=&#8220;{}&#8220;]<\/p>\n<p>Menschen empfinden kein anderes Medium als so glaubhaft. Sie haben deshalb gro\u00dfes Vertrauen in gedruckte Informationen.<\/p>\n<ul>\n<li>Flyers, Karten, Faltbl\u00e4tter<\/li>\n<li>Brosch\u00fcren, Hefte, Prospekte<\/li>\n<li>Anzeige<\/li>\n<li>Firmenschriften, Booklets &amp; Magazine<\/li>\n<\/ul>\n<p>[\/et_pb_blurb][\/et_pb_column][et_pb_column type=&#8220;1_3&#8243; _builder_version=&#8220;4.16&#8243; global_colors_info=&#8220;{}&#8220;][et_pb_blurb title=&#8220;WEBDESIGN&#8220; image=&#8220;https:\/\/cdpswiss.com\/wp-content\/uploads\/2020\/03\/fnga0.jpg&#8220; alt=&#8220;WEBDESIGN&#8220; title_tablet=&#8220;&#8220; title_phone=&#8220;&#8220; title_last_edited=&#8220;on|desktop&#8220; content_tablet=&#8220;&#8220; content_phone=&#8220;&#8220; content_last_edited=&#8220;on|desktop&#8220; _builder_version=&#8220;4.16&#8243; header_font=&#8220;Poppins|600|||||||&#8220; header_text_color=&#8220;#424242&#8243; animation_style=&#8220;slide&#8220; border_radii_image=&#8220;off|30px|30px|30px|&#8220; global_colors_info=&#8220;{}&#8220;]<\/p>\n<p>Ihre Produkte und Dienstleistungen\u2026 \u00fcber die Stadtgrenzen hinaus!<\/p>\n<ul>\n<li>Beratung &amp; Konzeption<\/li>\n<li>Screendesign &amp; Webseitenlayout<\/li>\n<li>Redesign bestehender Projekte<\/li>\n<li>Schulung, damit Sie jederzeit und kurzfristig Ihre Webseite aktualisieren k\u00f6nnen.<\/li>\n<\/ul>\n<p>[\/et_pb_blurb][\/et_pb_column][\/et_pb_row][et_pb_row column_structure=&#8220;1_3,1_3,1_3&#8243; use_custom_gutter=&#8220;on&#8220; make_equal=&#8220;on&#8220; _builder_version=&#8220;4.16&#8243; max_width=&#8220;55%&#8220; max_width_tablet=&#8220;55%&#8220; max_width_phone=&#8220;55%&#8220; max_width_last_edited=&#8220;on|desktop&#8220; global_colors_info=&#8220;{}&#8220;][et_pb_column type=&#8220;1_3&#8243; _builder_version=&#8220;4.16&#8243; global_colors_info=&#8220;{}&#8220;][et_pb_blurb title=&#8220;FOTOGRAFIE UND VIDEOPRODUKTION&#8220; image=&#8220;https:\/\/cdpswiss.com\/wp-content\/uploads\/2020\/03\/dwqefd43232.jpg&#8220; alt=&#8220;FOTOGRAFIE UND VIDEOPRODUKTION&#8220; title_tablet=&#8220;&#8220; title_phone=&#8220;&#8220; title_last_edited=&#8220;on|desktop&#8220; content_tablet=&#8220;&#8220; content_phone=&#8220;&#8220; content_last_edited=&#8220;on|desktop&#8220; _builder_version=&#8220;4.16&#8243; header_font=&#8220;Poppins|600|||||||&#8220; header_text_color=&#8220;#424242&#8243; animation_style=&#8220;slide&#8220; border_radii_image=&#8220;off|30px|30px|30px|&#8220; global_colors_info=&#8220;{}&#8220;]<\/p>\n<p>Daf\u00fcr sorgen, dass Sie gesehen werden.\u00a0Anspruchsvolle Fotografie und Video-Aufnahmen aus den Bereichen:<\/p>\n<ul>\n<li>Business<\/li>\n<li>Produkte<\/li>\n<li>Portrait<\/li>\n<li>Event<\/li>\n<\/ul>\n<p>[\/et_pb_blurb][\/et_pb_column][et_pb_column type=&#8220;1_3&#8243; _builder_version=&#8220;4.16&#8243; global_colors_info=&#8220;{}&#8220;][\/et_pb_column][et_pb_column type=&#8220;1_3&#8243; _builder_version=&#8220;4.16&#8243; global_colors_info=&#8220;{}&#8220;][et_pb_blurb title=&#8220;SOCIAL MEDIA MANAGED SERVICES&#8220; image=&#8220;https:\/\/cdpswiss.com\/wp-content\/uploads\/2020\/03\/323wdefwefc.jpg&#8220; alt=&#8220;SOCIAL MEDIA MANAGED SERVICES&#8220; title_tablet=&#8220;&#8220; title_phone=&#8220;&#8220; title_last_edited=&#8220;on|desktop&#8220; content_tablet=&#8220;&#8220; content_phone=&#8220;&#8220; content_last_edited=&#8220;on|desktop&#8220; disabled_on=&#8220;on|on|on&#8220; _builder_version=&#8220;4.25.0&#8243; header_font=&#8220;Poppins|600|||||||&#8220; header_text_color=&#8220;#424242&#8243; animation_style=&#8220;slide&#8220; border_radii_image=&#8220;off|30px|30px|30px|&#8220; disabled=&#8220;on&#8220; global_colors_info=&#8220;{}&#8220;]<\/p>\n<p>Nie war es einfacher, direkten Kontakt mit der Zielgruppe aufzunehmen, echte Dialoge aufzubauen und die Zielgruppe in die Kommunikation um Marken und Produkte einzubinden.<\/p>\n<ul>\n<li>Consulting<\/li>\n<li>Aufbau, Unterhalt, Betrieb und Koordination von Social Media Plattformen<\/li>\n<li>Schulung \u201cf\u00fcr den leichten Einstieg\u201d<\/li>\n<\/ul>\n<p>[\/et_pb_blurb][\/et_pb_column][\/et_pb_row][\/et_pb_section]<\/p>\n","protected":false},"excerpt":{"rendered":"<p>Werbeunterst\u00fctzungGerne beraten wir Sie in einem pers\u00f6nlichen Gespr\u00e4ch. Entdecken Sie, wie wir Ihnen helfen k\u00f6nnen, Ihre Ziele zu erreichen.Individuelle Konzepte und ganzheitliche L\u00f6sungen in den Bereichen Printmedien, Webdesign und Online Marketing. Ob Sie nun an ein Rebranding denken oder eine ganz neue Marke oder Logo suchen, wir konzentrieren uns auf ein Image, dass sowohl die [&hellip;]<\/p>\n","protected":false},"author":1,"featured_media":0,"parent":0,"menu_order":0,"comment_status":"closed","ping_status":"closed","template":"","meta":{"_et_pb_use_builder":"on","_et_pb_old_content":"","_et_gb_content_width":"","_joinchat":[],"footnotes":""},"class_list":["post-764","page","type-page","status-publish","hentry"],"yoast_head":"<!-- This site is optimized with the Yoast SEO plugin v27.2 - https:\/\/yoast.com\/product\/yoast-seo-wordpress\/ -->\n<title>Marketing und Grafik - CDP SWISS AG<\/title>\n<meta name=\"description\" content=\"&quot;Printmedien, Web-Design und Online-MarketingBringen Sie die Werte, die Vision, die Kultur und die emotionalen Aspekte Ihres Unternehmens zum Ausdruck!&quot;\" \/>\n<meta name=\"robots\" content=\"index, follow, max-snippet:-1, max-image-preview:large, max-video-preview:-1\" \/>\n<link rel=\"canonical\" href=\"https:\/\/cdpswiss.com\/index.php\/marketing-und-grafik\/\" \/>\n<meta property=\"og:locale\" content=\"de_DE\" \/>\n<meta property=\"og:type\" content=\"article\" \/>\n<meta property=\"og:title\" content=\"Marketing und Grafik - CDP SWISS AG\" \/>\n<meta property=\"og:description\" content=\"&quot;Printmedien, Web-Design und Online-MarketingBringen Sie die Werte, die Vision, die Kultur und die emotionalen Aspekte Ihres Unternehmens zum Ausdruck!&quot;\" \/>\n<meta property=\"og:url\" content=\"https:\/\/cdpswiss.com\/index.php\/marketing-und-grafik\/\" \/>\n<meta property=\"og:site_name\" content=\"CDP SWISS AG\" \/>\n<meta property=\"article:publisher\" content=\"https:\/\/www.facebook.com\/cdp.swiss\" \/>\n<meta property=\"article:modified_time\" content=\"2026-01-28T10:11:29+00:00\" \/>\n<meta name=\"twitter:card\" content=\"summary_large_image\" \/>\n<meta name=\"twitter:site\" content=\"@CDPSWISS\" \/>\n<meta name=\"twitter:label1\" content=\"Gesch\u00e4tzte Lesezeit\" \/>\n\t<meta name=\"twitter:data1\" content=\"3\u00a0Minuten\" \/>\n<script type=\"application\/ld+json\" class=\"yoast-schema-graph\">{\"@context\":\"https:\/\/schema.org\",\"@graph\":[{\"@type\":\"WebPage\",\"@id\":\"https:\/\/cdpswiss.com\/index.php\/marketing-und-grafik\/\",\"url\":\"https:\/\/cdpswiss.com\/index.php\/marketing-und-grafik\/\",\"name\":\"Marketing und Grafik - CDP SWISS AG\",\"isPartOf\":{\"@id\":\"https:\/\/cdpswiss.com\/#website\"},\"datePublished\":\"2020-03-05T14:41:48+00:00\",\"dateModified\":\"2026-01-28T10:11:29+00:00\",\"description\":\"\\\"Printmedien, Web-Design und Online-MarketingBringen Sie die Werte, die Vision, die Kultur und die emotionalen Aspekte Ihres Unternehmens zum Ausdruck!\\\"\",\"breadcrumb\":{\"@id\":\"https:\/\/cdpswiss.com\/index.php\/marketing-und-grafik\/#breadcrumb\"},\"inLanguage\":\"de\",\"potentialAction\":[{\"@type\":\"ReadAction\",\"target\":[\"https:\/\/cdpswiss.com\/index.php\/marketing-und-grafik\/\"]}]},{\"@type\":\"BreadcrumbList\",\"@id\":\"https:\/\/cdpswiss.com\/index.php\/marketing-und-grafik\/#breadcrumb\",\"itemListElement\":[{\"@type\":\"ListItem\",\"position\":1,\"name\":\"Startseite\",\"item\":\"https:\/\/cdpswiss.com\/\"},{\"@type\":\"ListItem\",\"position\":2,\"name\":\"Marketing und Grafik\"}]},{\"@type\":\"WebSite\",\"@id\":\"https:\/\/cdpswiss.com\/#website\",\"url\":\"https:\/\/cdpswiss.com\/\",\"name\":\"CDP SWISS AG\",\"description\":\"Clinical Distribution Partner\",\"publisher\":{\"@id\":\"https:\/\/cdpswiss.com\/#organization\"},\"potentialAction\":[{\"@type\":\"SearchAction\",\"target\":{\"@type\":\"EntryPoint\",\"urlTemplate\":\"https:\/\/cdpswiss.com\/?s={search_term_string}\"},\"query-input\":{\"@type\":\"PropertyValueSpecification\",\"valueRequired\":true,\"valueName\":\"search_term_string\"}}],\"inLanguage\":\"de\"},{\"@type\":\"Organization\",\"@id\":\"https:\/\/cdpswiss.com\/#organization\",\"name\":\"CDP SWISS AG\",\"url\":\"https:\/\/cdpswiss.com\/\",\"logo\":{\"@type\":\"ImageObject\",\"inLanguage\":\"de\",\"@id\":\"https:\/\/cdpswiss.com\/#\/schema\/logo\/image\/\",\"url\":\"https:\/\/cdpswiss.com\/wp-content\/uploads\/2020\/07\/cdp13943.jpg\",\"contentUrl\":\"https:\/\/cdpswiss.com\/wp-content\/uploads\/2020\/07\/cdp13943.jpg\",\"width\":184,\"height\":59,\"caption\":\"CDP SWISS AG\"},\"image\":{\"@id\":\"https:\/\/cdpswiss.com\/#\/schema\/logo\/image\/\"},\"sameAs\":[\"https:\/\/www.facebook.com\/cdp.swiss\",\"https:\/\/x.com\/CDPSWISS\",\"https:\/\/www.instagram.com\/cdp_swiss\/\",\"http:\/\/www.linkedin.com\/company\/cdp-swiss-ag\",\"https:\/\/www.youtube.com\/channel\/UCEvSby-TC5tgpbcYfRjd62g\"]}]}<\/script>\n<!-- \/ Yoast SEO plugin. -->","yoast_head_json":{"title":"Marketing und Grafik - CDP SWISS AG","description":"\"Printmedien, Web-Design und Online-MarketingBringen Sie die Werte, die Vision, die Kultur und die emotionalen Aspekte Ihres Unternehmens zum Ausdruck!\"","robots":{"index":"index","follow":"follow","max-snippet":"max-snippet:-1","max-image-preview":"max-image-preview:large","max-video-preview":"max-video-preview:-1"},"canonical":"https:\/\/cdpswiss.com\/index.php\/marketing-und-grafik\/","og_locale":"de_DE","og_type":"article","og_title":"Marketing und Grafik - CDP SWISS AG","og_description":"\"Printmedien, Web-Design und Online-MarketingBringen Sie die Werte, die Vision, die Kultur und die emotionalen Aspekte Ihres Unternehmens zum Ausdruck!\"","og_url":"https:\/\/cdpswiss.com\/index.php\/marketing-und-grafik\/","og_site_name":"CDP SWISS AG","article_publisher":"https:\/\/www.facebook.com\/cdp.swiss","article_modified_time":"2026-01-28T10:11:29+00:00","twitter_card":"summary_large_image","twitter_site":"@CDPSWISS","twitter_misc":{"Gesch\u00e4tzte Lesezeit":"3\u00a0Minuten"},"schema":{"@context":"https:\/\/schema.org","@graph":[{"@type":"WebPage","@id":"https:\/\/cdpswiss.com\/index.php\/marketing-und-grafik\/","url":"https:\/\/cdpswiss.com\/index.php\/marketing-und-grafik\/","name":"Marketing und Grafik - CDP SWISS AG","isPartOf":{"@id":"https:\/\/cdpswiss.com\/#website"},"datePublished":"2020-03-05T14:41:48+00:00","dateModified":"2026-01-28T10:11:29+00:00","description":"\"Printmedien, Web-Design und Online-MarketingBringen Sie die Werte, die Vision, die Kultur und die emotionalen Aspekte Ihres Unternehmens zum Ausdruck!\"","breadcrumb":{"@id":"https:\/\/cdpswiss.com\/index.php\/marketing-und-grafik\/#breadcrumb"},"inLanguage":"de","potentialAction":[{"@type":"ReadAction","target":["https:\/\/cdpswiss.com\/index.php\/marketing-und-grafik\/"]}]},{"@type":"BreadcrumbList","@id":"https:\/\/cdpswiss.com\/index.php\/marketing-und-grafik\/#breadcrumb","itemListElement":[{"@type":"ListItem","position":1,"name":"Startseite","item":"https:\/\/cdpswiss.com\/"},{"@type":"ListItem","position":2,"name":"Marketing und Grafik"}]},{"@type":"WebSite","@id":"https:\/\/cdpswiss.com\/#website","url":"https:\/\/cdpswiss.com\/","name":"CDP SWISS AG","description":"Clinical Distribution Partner","publisher":{"@id":"https:\/\/cdpswiss.com\/#organization"},"potentialAction":[{"@type":"SearchAction","target":{"@type":"EntryPoint","urlTemplate":"https:\/\/cdpswiss.com\/?s={search_term_string}"},"query-input":{"@type":"PropertyValueSpecification","valueRequired":true,"valueName":"search_term_string"}}],"inLanguage":"de"},{"@type":"Organization","@id":"https:\/\/cdpswiss.com\/#organization","name":"CDP SWISS AG","url":"https:\/\/cdpswiss.com\/","logo":{"@type":"ImageObject","inLanguage":"de","@id":"https:\/\/cdpswiss.com\/#\/schema\/logo\/image\/","url":"https:\/\/cdpswiss.com\/wp-content\/uploads\/2020\/07\/cdp13943.jpg","contentUrl":"https:\/\/cdpswiss.com\/wp-content\/uploads\/2020\/07\/cdp13943.jpg","width":184,"height":59,"caption":"CDP SWISS AG"},"image":{"@id":"https:\/\/cdpswiss.com\/#\/schema\/logo\/image\/"},"sameAs":["https:\/\/www.facebook.com\/cdp.swiss","https:\/\/x.com\/CDPSWISS","https:\/\/www.instagram.com\/cdp_swiss\/","http:\/\/www.linkedin.com\/company\/cdp-swiss-ag","https:\/\/www.youtube.com\/channel\/UCEvSby-TC5tgpbcYfRjd62g"]}]}},"_links":{"self":[{"href":"https:\/\/cdpswiss.com\/index.php\/wp-json\/wp\/v2\/pages\/764","targetHints":{"allow":["GET"]}}],"collection":[{"href":"https:\/\/cdpswiss.com\/index.php\/wp-json\/wp\/v2\/pages"}],"about":[{"href":"https:\/\/cdpswiss.com\/index.php\/wp-json\/wp\/v2\/types\/page"}],"author":[{"embeddable":true,"href":"https:\/\/cdpswiss.com\/index.php\/wp-json\/wp\/v2\/users\/1"}],"replies":[{"embeddable":true,"href":"https:\/\/cdpswiss.com\/index.php\/wp-json\/wp\/v2\/comments?post=764"}],"version-history":[{"count":3,"href":"https:\/\/cdpswiss.com\/index.php\/wp-json\/wp\/v2\/pages\/764\/revisions"}],"predecessor-version":[{"id":987507162,"href":"https:\/\/cdpswiss.com\/index.php\/wp-json\/wp\/v2\/pages\/764\/revisions\/987507162"}],"wp:attachment":[{"href":"https:\/\/cdpswiss.com\/index.php\/wp-json\/wp\/v2\/media?parent=764"}],"curies":[{"name":"wp","href":"https:\/\/api.w.org\/{rel}","templated":true}]}}