{"id":817,"date":"2020-03-06T09:18:07","date_gmt":"2020-03-06T09:18:07","guid":{"rendered":"https:\/\/cdpswiss.com\/?page_id=817"},"modified":"2022-11-29T12:53:29","modified_gmt":"2022-11-29T12:53:29","slug":"impressum","status":"publish","type":"page","link":"https:\/\/cdpswiss.com\/index.php\/impressum\/","title":{"rendered":"Impressum"},"content":{"rendered":"<p>[et_pb_section fb_built=&#8220;1&#8243; admin_label=&#8220;Contact Info&#8220; _builder_version=&#8220;4.16&#8243; background_image=&#8220;https:\/\/cdpswiss.com\/wp-content\/uploads\/2020\/02\/dentist-13.png&#8220; background_size=&#8220;initial&#8220; background_position=&#8220;top_center&#8220; custom_padding=&#8220;0|0px|144px|0px|false|false&#8220; global_colors_info=&#8220;{}&#8220;][et_pb_row custom_padding_last_edited=&#8220;on|desktop&#8220; _builder_version=&#8220;4.16&#8243; use_background_color_gradient=&#8220;on&#8220; background_color_gradient_direction=&#8220;113deg&#8220; background_color_gradient_stops=&#8220;#d9a91a 20%|#d3ca19 100%&#8220; background_color_gradient_start=&#8220;#d9a91a&#8220; background_color_gradient_start_position=&#8220;20%&#8220; background_color_gradient_end=&#8220;#d3ca19&#8243; max_width=&#8220;1280px&#8220; module_alignment=&#8220;center&#8220; min_height=&#8220;181px&#8220; custom_margin=&#8220;-22px|auto||auto||&#8220; custom_padding=&#8220;52px|5vw|52px|5vw|true|true&#8220; custom_padding_tablet=&#8220;|5vw||5vw||true&#8220; custom_padding_phone=&#8220;|5vw||5vw||true&#8220; animation_style=&#8220;zoom&#8220; animation_direction=&#8220;top&#8220; animation_intensity_zoom=&#8220;1%&#8220; border_radii=&#8220;off|||14vw|&#8220; box_shadow_style=&#8220;preset1&#8243; box_shadow_vertical=&#8220;20px&#8220; box_shadow_blur=&#8220;50px&#8220; box_shadow_color=&#8220;rgba(0,121,255,0.2)&#8220; use_custom_width=&#8220;on&#8220; custom_width_px=&#8220;1280px&#8220; global_colors_info=&#8220;{}&#8220;][et_pb_column type=&#8220;4_4&#8243; _builder_version=&#8220;4.16&#8243; custom_padding=&#8220;|||&#8220; custom_padding_tablet=&#8220;40px|||&#8220; custom_padding_phone=&#8220;20px|||&#8220; custom_padding_last_edited=&#8220;off|desktop&#8220; global_colors_info=&#8220;{}&#8220; padding_phone=&#8220;20px|||&#8220; padding_tablet=&#8220;40px|||&#8220; padding_last_edited=&#8220;off|desktop&#8220; custom_padding__hover=&#8220;|||&#8220;][et_pb_text _builder_version=&#8220;4.16&#8243; text_font_size=&#8220;12px&#8220; header_font=&#8220;Poppins|600|||||||&#8220; header_text_color=&#8220;#ffffff&#8220; header_font_size=&#8220;87px&#8220; header_line_height=&#8220;1.1em&#8220; transform_scale=&#8220;82%|82%&#8220; transform_scale_tablet=&#8220;78%|78%&#8220; transform_scale_phone=&#8220;94%|94%&#8220; transform_scale_last_edited=&#8220;on|phone&#8220; transform_translate=&#8220;-121px|17px&#8220; transform_translate_tablet=&#8220;-90px|92px&#8220; transform_translate_phone=&#8220;-4px|93px&#8220; transform_translate_last_edited=&#8220;on|tablet&#8220; transform_translate_linked=&#8220;off&#8220; transform_rotate_tablet=&#8220;&#8220; transform_rotate_phone=&#8220;&#8220; transform_rotate_last_edited=&#8220;on|desktop&#8220; transform_skew_tablet=&#8220;&#8220; transform_skew_phone=&#8220;&#8220; transform_skew_last_edited=&#8220;on|desktop&#8220; transform_origin_tablet=&#8220;&#8220; transform_origin_phone=&#8220;&#8220; transform_origin_last_edited=&#8220;on|desktop&#8220; transform_styles_last_edited=&#8220;on|phone&#8220; width=&#8220;100%&#8220; min_height=&#8220;100px&#8220; height=&#8220;100px&#8220; max_height=&#8220;1000px&#8220; custom_padding=&#8220;|0px||0px|false|false&#8220; header_font_tablet=&#8220;Poppins|600|||||||&#8220; header_font_phone=&#8220;Poppins|600|||||||&#8220; header_font_last_edited=&#8220;on|tablet&#8220; header_font_size_tablet=&#8220;46px&#8220; header_font_size_phone=&#8220;25px&#8220; header_font_size_last_edited=&#8220;on|phone&#8220; transform_styles_tablet=&#8220;&#8220; transform_styles_phone=&#8220;&#8220; global_colors_info=&#8220;{}&#8220;]<\/p>\n<h1>IMPRESSUM<\/h1>\n<p>[\/et_pb_text][\/et_pb_column][\/et_pb_row][\/et_pb_section][et_pb_section fb_built=&#8220;1&#8243; _builder_version=&#8220;4.16&#8243; background_color=&#8220;#f6f7fa&#8220; use_background_color_gradient=&#8220;on&#8220; background_color_gradient_stops=&#8220;#ffffff 0%|#f6f7fa 100%&#8220; background_color_gradient_start=&#8220;#ffffff&#8220; background_color_gradient_end=&#8220;#f6f7fa&#8220; custom_margin=&#8220;-30px|||||&#8220; custom_padding=&#8220;3px|||||&#8220; global_colors_info=&#8220;{}&#8220;][et_pb_row column_structure=&#8220;3_4,1_4&#8243; _builder_version=&#8220;4.16&#8243; min_height=&#8220;1347px&#8220; global_colors_info=&#8220;{}&#8220;][et_pb_column type=&#8220;3_4&#8243; _builder_version=&#8220;4.16&#8243; custom_padding=&#8220;|||&#8220; global_colors_info=&#8220;{}&#8220; custom_padding__hover=&#8220;|||&#8220;][et_pb_text _builder_version=&#8220;4.19.1&#8243; text_font=&#8220;||||||||&#8220; header_font=&#8220;||||||||&#8220; header_2_font=&#8220;Cantata One||||||||&#8220; header_2_font_size=&#8220;40px&#8220; header_2_line_height=&#8220;1.4em&#8220; header_3_font=&#8220;Cantata One||||||||&#8220; header_3_text_color=&#8220;#0081ff&#8220; header_3_font_size=&#8220;20px&#8220; header_3_line_height=&#8220;1.6em&#8220; width=&#8220;100%&#8220; max_width=&#8220;100%&#8220; min_height=&#8220;1000px&#8220; custom_margin=&#8220;||0px||false|false&#8220; custom_padding=&#8220;42px|33px|48px|29px|false|false&#8220; hover_enabled=&#8220;0&#8243; header_2_font_size_tablet=&#8220;35px&#8220; header_2_font_size_phone=&#8220;25px&#8220; header_2_font_size_last_edited=&#8220;on|phone&#8220; border_radii=&#8220;on|20px|20px|20px|20px&#8220; border_width_all=&#8220;1px&#8220; border_color_all=&#8220;#bfbfbf&#8220; global_colors_info=&#8220;{}&#8220; sticky_enabled=&#8220;0&#8243;]<\/p>\n<p><strong>Kontaktadresse<\/strong><\/p>\n<p>CDP SWISS AG<br \/>Sagistrasse 8b<br \/>8910 Affoltern am Albis<br \/>Schweiz<\/p>\n<p><strong>Vertretungsberechtigte Personen<\/strong><\/p>\n<p>Falk D\u00f6rstling<br \/><em>Gesch\u00e4ftsf\u00fchrung<\/em><\/p>\n<p>Burim Hasani<br \/><em>Gesch\u00e4ftsf\u00fchrung<\/em><\/p>\n<p><strong>Handelsregistereintrag<\/strong><\/p>\n<p>Eingetragener Firmenname: CDP SWISS AG<br \/>Nummer: CH-020.4.045.246-7<br \/>Handelsregisteramt: Z\u00fcrich<br \/>Mehrwehrtsteuernummer: 787090<\/p>\n<p><strong>Haftungsausschluss<\/strong><\/p>\n<p>Der Autor \u00fcbernimmt keinerlei Gew\u00e4hr hinsichtlich der inhaltlichen Richtigkeit, Genauigkeit, Aktualit\u00e4t, Zuverl\u00e4ssigkeit und Vollst\u00e4ndigkeit der Informationen.<\/p>\n<p>Haftungsanspr\u00fcche gegen den Autor wegen Sch\u00e4den materieller oder immaterieller Art, welche aus dem Zugriff oder der Nutzung bzw. Nichtnutzung der ver\u00f6ffentlichten Informationen, durch Missbrauch der Verbindung oder durch technische St\u00f6rungen entstanden sind, werden ausgeschlossen.<\/p>\n<p>Alle Angebote sind unverbindlich. Der Autor beh\u00e4lt es sich ausdr\u00fccklich vor, Teile der Seiten oder das gesamte Angebot ohne gesonderte Ank\u00fcndigung zu ver\u00e4ndern, zu erg\u00e4nzen, zu l\u00f6schen oder die Ver\u00f6ffentlichung zeitweise oder endg\u00fcltig einzustellen.<\/p>\n<p><strong>Haftung f\u00fcr Links<\/strong><\/p>\n<p>Verweise und Links auf Webseiten Dritter liegen ausserhalb unseres Verantwortungsbereichs Es wird jegliche Verantwortung f\u00fcr solche Webseiten abgelehnt. Der Zugriff und die Nutzung solcher Webseiten erfolgen auf eigene Gefahr des Nutzers oder der Nutzerin.<\/p>\n<p><strong>Urheberrechte<\/strong><\/p>\n<p>Die Urheber- und alle anderen Rechte an Inhalten, Bildern, Fotos oder anderen Dateien auf der Website geh\u00f6ren ausschliesslich der Firma CDP SWISS AG oder den speziell genannten Rechtsinhabern. F\u00fcr die Reproduktion jeglicher Elemente ist die schriftliche Zustimmung der Urheberrechtstr\u00e4ger im Voraus einzuholen.<\/p>\n<p><strong>Datenschutz<\/strong><\/p>\n<p>Gest\u00fctzt auf Artikel 13 der schweizerischen Bundesverfassung und die datenschutzrechtlichen Bestimmungen des Bundes (Datenschutzgesetz, DSG) hat jede Person Anspruch auf Schutz ihrer Privatsph\u00e4re sowie auf Schutz vor Missbrauch ihrer pers\u00f6nlichen Daten. Wir halten diese Bestimmungen ein. Pers\u00f6nliche Daten werden streng vertraulich behandelt und weder an Dritte verkauft noch weiter gegeben.<\/p>\n<p>In enger Zusammenarbeit mit unseren Hosting-Providern bem\u00fchen wir uns, die Datenbanken so gut wie m\u00f6glich vor fremden Zugriffen, Verlusten, Missbrauch oder vor F\u00e4lschung zu sch\u00fctzen.<\/p>\n<p>Beim Zugriff auf unsere Webseiten werden folgende Daten in Logfiles gespeichert: IP-Adresse, Datum, Uhrzeit, Browser-Anfrage und allg. \u00fcbertragene Informationen zum Betriebssystem resp. Browser. Diese Nutzungsdaten bilden die Basis f\u00fcr statistische, anonyme Auswertungen, so dass Trends erkennbar sind, anhand derer wir unsere Angebote entsprechend verbessern k\u00f6nnen.<\/p>\n<p>[\/et_pb_text][\/et_pb_column][et_pb_column type=&#8220;1_4&#8243; _builder_version=&#8220;4.16&#8243; custom_padding=&#8220;|||&#8220; global_colors_info=&#8220;{}&#8220; custom_padding__hover=&#8220;|||&#8220;][et_pb_text disabled_on=&#8220;on|on|off&#8220; _builder_version=&#8220;4.16&#8243; text_font=&#8220;Open Sans||||||||&#8220; text_line_height=&#8220;2em&#8220; header_font=&#8220;|800|||||||&#8220; header_3_font=&#8220;|700|||||||&#8220; header_3_font_size=&#8220;20px&#8220; header_3_line_height=&#8220;1.6em&#8220; max_width=&#8220;500px&#8220; locked=&#8220;off&#8220; global_colors_info=&#8220;{}&#8220;]<\/p>\n<h3>\u00d6ffnungszeiten:<\/h3>\n<p>Montag &#8211; Freitag:<br \/>9.00 &#8211; 18.30<br \/>Samstag und Sonntag:<br \/>geschlossen<\/p>\n<p>[\/et_pb_text][et_pb_text disabled_on=&#8220;on|on|off&#8220; _builder_version=&#8220;4.16&#8243; text_font=&#8220;||||||||&#8220; text_text_color=&#8220;#000000&#8243; text_line_height=&#8220;2em&#8220; link_font=&#8220;|700|||||||&#8220; link_text_color=&#8220;#0c71c3&#8243; header_font=&#8220;||||||||&#8220; header_3_font=&#8220;|700|||||||&#8220; header_3_font_size=&#8220;20px&#8220; header_3_line_height=&#8220;1.6em&#8220; max_width=&#8220;500px&#8220; locked=&#8220;off&#8220; global_colors_info=&#8220;{}&#8220;]<\/p>\n<h3>Links:<\/h3>\n<p><a href=\"https:\/\/cdpswiss.com\/index.php\/kontakt\/\">Kontakt<\/a><br \/> <a href=\"https:\/\/cdpswiss.com\/index.php\/datenschutzbestimmungen\/\">AGB<\/a><br \/> <a href=\"https:\/\/cdpswiss.com\/index.php\/faq\/\">FAQ<br \/> <\/a><a href=\"https:\/\/cdpswiss.com\/index.php\/uber-uns\/\">Team<\/a><\/p>\n<p>[\/et_pb_text][\/et_pb_column][\/et_pb_row][\/et_pb_section]<\/p>\n","protected":false},"excerpt":{"rendered":"<p>IMPRESSUMKontaktadresse CDP SWISS AGSagistrasse 8b8910 Affoltern am AlbisSchweiz Vertretungsberechtigte Personen Falk D\u00f6rstlingGesch\u00e4ftsf\u00fchrung Burim HasaniGesch\u00e4ftsf\u00fchrung Handelsregistereintrag Eingetragener Firmenname: CDP SWISS AGNummer: CH-020.4.045.246-7Handelsregisteramt: Z\u00fcrichMehrwehrtsteuernummer: 787090 Haftungsausschluss Der Autor \u00fcbernimmt keinerlei Gew\u00e4hr hinsichtlich der inhaltlichen Richtigkeit, Genauigkeit, Aktualit\u00e4t, Zuverl\u00e4ssigkeit und Vollst\u00e4ndigkeit der Informationen. Haftungsanspr\u00fcche gegen den Autor wegen Sch\u00e4den materieller oder immaterieller Art, welche aus dem Zugriff oder [&hellip;]<\/p>\n","protected":false},"author":1,"featured_media":0,"parent":0,"menu_order":0,"comment_status":"closed","ping_status":"closed","template":"","meta":{"_et_pb_use_builder":"on","_et_pb_old_content":"","_et_gb_content_width":"","_joinchat":[],"footnotes":""},"class_list":["post-817","page","type-page","status-publish","hentry"],"yoast_head":"<!-- This site is optimized with the Yoast SEO plugin v27.2 - https:\/\/yoast.com\/product\/yoast-seo-wordpress\/ -->\n<title>Impressum - CDP SWISS AG<\/title>\n<meta name=\"robots\" content=\"index, follow, max-snippet:-1, max-image-preview:large, max-video-preview:-1\" \/>\n<link rel=\"canonical\" href=\"https:\/\/cdpswiss.com\/index.php\/impressum\/\" \/>\n<meta property=\"og:locale\" content=\"de_DE\" \/>\n<meta property=\"og:type\" content=\"article\" \/>\n<meta property=\"og:title\" content=\"Impressum - CDP SWISS AG\" \/>\n<meta property=\"og:description\" content=\"IMPRESSUMKontaktadresse CDP SWISS AGSagistrasse 8b8910 Affoltern am AlbisSchweiz Vertretungsberechtigte Personen Falk D\u00f6rstlingGesch\u00e4ftsf\u00fchrung Burim HasaniGesch\u00e4ftsf\u00fchrung Handelsregistereintrag Eingetragener Firmenname: CDP SWISS AGNummer: CH-020.4.045.246-7Handelsregisteramt: Z\u00fcrichMehrwehrtsteuernummer: 787090 Haftungsausschluss Der Autor \u00fcbernimmt keinerlei Gew\u00e4hr hinsichtlich der inhaltlichen Richtigkeit, Genauigkeit, Aktualit\u00e4t, Zuverl\u00e4ssigkeit und Vollst\u00e4ndigkeit der Informationen. Haftungsanspr\u00fcche gegen den Autor wegen Sch\u00e4den materieller oder immaterieller Art, welche aus dem Zugriff oder [&hellip;]\" \/>\n<meta property=\"og:url\" content=\"https:\/\/cdpswiss.com\/index.php\/impressum\/\" \/>\n<meta property=\"og:site_name\" content=\"CDP SWISS AG\" \/>\n<meta property=\"article:publisher\" content=\"https:\/\/www.facebook.com\/cdp.swiss\" \/>\n<meta property=\"article:modified_time\" content=\"2022-11-29T12:53:29+00:00\" \/>\n<meta name=\"twitter:card\" content=\"summary_large_image\" \/>\n<meta name=\"twitter:site\" content=\"@CDPSWISS\" \/>\n<meta name=\"twitter:label1\" content=\"Gesch\u00e4tzte Lesezeit\" \/>\n\t<meta name=\"twitter:data1\" content=\"5\u00a0Minuten\" \/>\n<script type=\"application\/ld+json\" class=\"yoast-schema-graph\">{\"@context\":\"https:\/\/schema.org\",\"@graph\":[{\"@type\":\"WebPage\",\"@id\":\"https:\/\/cdpswiss.com\/index.php\/impressum\/\",\"url\":\"https:\/\/cdpswiss.com\/index.php\/impressum\/\",\"name\":\"Impressum - CDP SWISS AG\",\"isPartOf\":{\"@id\":\"https:\/\/cdpswiss.com\/#website\"},\"datePublished\":\"2020-03-06T09:18:07+00:00\",\"dateModified\":\"2022-11-29T12:53:29+00:00\",\"breadcrumb\":{\"@id\":\"https:\/\/cdpswiss.com\/index.php\/impressum\/#breadcrumb\"},\"inLanguage\":\"de\",\"potentialAction\":[{\"@type\":\"ReadAction\",\"target\":[\"https:\/\/cdpswiss.com\/index.php\/impressum\/\"]}]},{\"@type\":\"BreadcrumbList\",\"@id\":\"https:\/\/cdpswiss.com\/index.php\/impressum\/#breadcrumb\",\"itemListElement\":[{\"@type\":\"ListItem\",\"position\":1,\"name\":\"Startseite\",\"item\":\"https:\/\/cdpswiss.com\/\"},{\"@type\":\"ListItem\",\"position\":2,\"name\":\"Impressum\"}]},{\"@type\":\"WebSite\",\"@id\":\"https:\/\/cdpswiss.com\/#website\",\"url\":\"https:\/\/cdpswiss.com\/\",\"name\":\"CDP SWISS AG\",\"description\":\"Clinical Distribution Partner\",\"publisher\":{\"@id\":\"https:\/\/cdpswiss.com\/#organization\"},\"potentialAction\":[{\"@type\":\"SearchAction\",\"target\":{\"@type\":\"EntryPoint\",\"urlTemplate\":\"https:\/\/cdpswiss.com\/?s={search_term_string}\"},\"query-input\":{\"@type\":\"PropertyValueSpecification\",\"valueRequired\":true,\"valueName\":\"search_term_string\"}}],\"inLanguage\":\"de\"},{\"@type\":\"Organization\",\"@id\":\"https:\/\/cdpswiss.com\/#organization\",\"name\":\"CDP SWISS AG\",\"url\":\"https:\/\/cdpswiss.com\/\",\"logo\":{\"@type\":\"ImageObject\",\"inLanguage\":\"de\",\"@id\":\"https:\/\/cdpswiss.com\/#\/schema\/logo\/image\/\",\"url\":\"https:\/\/cdpswiss.com\/wp-content\/uploads\/2020\/07\/cdp13943.jpg\",\"contentUrl\":\"https:\/\/cdpswiss.com\/wp-content\/uploads\/2020\/07\/cdp13943.jpg\",\"width\":184,\"height\":59,\"caption\":\"CDP SWISS AG\"},\"image\":{\"@id\":\"https:\/\/cdpswiss.com\/#\/schema\/logo\/image\/\"},\"sameAs\":[\"https:\/\/www.facebook.com\/cdp.swiss\",\"https:\/\/x.com\/CDPSWISS\",\"https:\/\/www.instagram.com\/cdp_swiss\/\",\"http:\/\/www.linkedin.com\/company\/cdp-swiss-ag\",\"https:\/\/www.youtube.com\/channel\/UCEvSby-TC5tgpbcYfRjd62g\"]}]}<\/script>\n<!-- \/ Yoast SEO plugin. -->","yoast_head_json":{"title":"Impressum - CDP SWISS AG","robots":{"index":"index","follow":"follow","max-snippet":"max-snippet:-1","max-image-preview":"max-image-preview:large","max-video-preview":"max-video-preview:-1"},"canonical":"https:\/\/cdpswiss.com\/index.php\/impressum\/","og_locale":"de_DE","og_type":"article","og_title":"Impressum - CDP SWISS AG","og_description":"IMPRESSUMKontaktadresse CDP SWISS AGSagistrasse 8b8910 Affoltern am AlbisSchweiz Vertretungsberechtigte Personen Falk D\u00f6rstlingGesch\u00e4ftsf\u00fchrung Burim HasaniGesch\u00e4ftsf\u00fchrung Handelsregistereintrag Eingetragener Firmenname: CDP SWISS AGNummer: CH-020.4.045.246-7Handelsregisteramt: Z\u00fcrichMehrwehrtsteuernummer: 787090 Haftungsausschluss Der Autor \u00fcbernimmt keinerlei Gew\u00e4hr hinsichtlich der inhaltlichen Richtigkeit, Genauigkeit, Aktualit\u00e4t, Zuverl\u00e4ssigkeit und Vollst\u00e4ndigkeit der Informationen. Haftungsanspr\u00fcche gegen den Autor wegen Sch\u00e4den materieller oder immaterieller Art, welche aus dem Zugriff oder [&hellip;]","og_url":"https:\/\/cdpswiss.com\/index.php\/impressum\/","og_site_name":"CDP SWISS AG","article_publisher":"https:\/\/www.facebook.com\/cdp.swiss","article_modified_time":"2022-11-29T12:53:29+00:00","twitter_card":"summary_large_image","twitter_site":"@CDPSWISS","twitter_misc":{"Gesch\u00e4tzte Lesezeit":"5\u00a0Minuten"},"schema":{"@context":"https:\/\/schema.org","@graph":[{"@type":"WebPage","@id":"https:\/\/cdpswiss.com\/index.php\/impressum\/","url":"https:\/\/cdpswiss.com\/index.php\/impressum\/","name":"Impressum - CDP SWISS AG","isPartOf":{"@id":"https:\/\/cdpswiss.com\/#website"},"datePublished":"2020-03-06T09:18:07+00:00","dateModified":"2022-11-29T12:53:29+00:00","breadcrumb":{"@id":"https:\/\/cdpswiss.com\/index.php\/impressum\/#breadcrumb"},"inLanguage":"de","potentialAction":[{"@type":"ReadAction","target":["https:\/\/cdpswiss.com\/index.php\/impressum\/"]}]},{"@type":"BreadcrumbList","@id":"https:\/\/cdpswiss.com\/index.php\/impressum\/#breadcrumb","itemListElement":[{"@type":"ListItem","position":1,"name":"Startseite","item":"https:\/\/cdpswiss.com\/"},{"@type":"ListItem","position":2,"name":"Impressum"}]},{"@type":"WebSite","@id":"https:\/\/cdpswiss.com\/#website","url":"https:\/\/cdpswiss.com\/","name":"CDP SWISS AG","description":"Clinical Distribution Partner","publisher":{"@id":"https:\/\/cdpswiss.com\/#organization"},"potentialAction":[{"@type":"SearchAction","target":{"@type":"EntryPoint","urlTemplate":"https:\/\/cdpswiss.com\/?s={search_term_string}"},"query-input":{"@type":"PropertyValueSpecification","valueRequired":true,"valueName":"search_term_string"}}],"inLanguage":"de"},{"@type":"Organization","@id":"https:\/\/cdpswiss.com\/#organization","name":"CDP SWISS AG","url":"https:\/\/cdpswiss.com\/","logo":{"@type":"ImageObject","inLanguage":"de","@id":"https:\/\/cdpswiss.com\/#\/schema\/logo\/image\/","url":"https:\/\/cdpswiss.com\/wp-content\/uploads\/2020\/07\/cdp13943.jpg","contentUrl":"https:\/\/cdpswiss.com\/wp-content\/uploads\/2020\/07\/cdp13943.jpg","width":184,"height":59,"caption":"CDP SWISS AG"},"image":{"@id":"https:\/\/cdpswiss.com\/#\/schema\/logo\/image\/"},"sameAs":["https:\/\/www.facebook.com\/cdp.swiss","https:\/\/x.com\/CDPSWISS","https:\/\/www.instagram.com\/cdp_swiss\/","http:\/\/www.linkedin.com\/company\/cdp-swiss-ag","https:\/\/www.youtube.com\/channel\/UCEvSby-TC5tgpbcYfRjd62g"]}]}},"_links":{"self":[{"href":"https:\/\/cdpswiss.com\/index.php\/wp-json\/wp\/v2\/pages\/817","targetHints":{"allow":["GET"]}}],"collection":[{"href":"https:\/\/cdpswiss.com\/index.php\/wp-json\/wp\/v2\/pages"}],"about":[{"href":"https:\/\/cdpswiss.com\/index.php\/wp-json\/wp\/v2\/types\/page"}],"author":[{"embeddable":true,"href":"https:\/\/cdpswiss.com\/index.php\/wp-json\/wp\/v2\/users\/1"}],"replies":[{"embeddable":true,"href":"https:\/\/cdpswiss.com\/index.php\/wp-json\/wp\/v2\/comments?post=817"}],"version-history":[{"count":0,"href":"https:\/\/cdpswiss.com\/index.php\/wp-json\/wp\/v2\/pages\/817\/revisions"}],"wp:attachment":[{"href":"https:\/\/cdpswiss.com\/index.php\/wp-json\/wp\/v2\/media?parent=817"}],"curies":[{"name":"wp","href":"https:\/\/api.w.org\/{rel}","templated":true}]}}